{"id":11284,"date":"2023-04-28T09:30:34","date_gmt":"2023-04-28T07:30:34","guid":{"rendered":"https:\/\/restaurantsumac.com\/qui-som\/"},"modified":"2023-06-07T14:49:20","modified_gmt":"2023-06-07T12:49:20","slug":"equipo-jordi-dalmau","status":"publish","type":"page","link":"https:\/\/restaurantsumac.com\/es\/equipo-jordi-dalmau\/","title":{"rendered":"El equipo"},"content":{"rendered":"\t\t<div data-elementor-type=\"wp-page\" data-elementor-id=\"11284\" class=\"elementor elementor-11284 elementor-10440\">\n\t\t\t\t\t\t<section class=\"elementor-section elementor-top-section elementor-element elementor-element-fbc184f elementor-section-full_width elementor-section-height-default elementor-section-height-default qodef-elementor-content-no qodef-elementor-column-no\" data-id=\"fbc184f\" data-element_type=\"section\" data-settings=\"{&quot;background_background&quot;:&quot;classic&quot;}\">\n\t\t\t\t\t\t\t<div class=\"elementor-background-overlay\"><\/div>\n\t\t\t\t\t\t\t<div class=\"elementor-container elementor-column-gap-default\">\n\t\t\t\t\t<div class=\"elementor-column elementor-col-100 elementor-top-column elementor-element elementor-element-369bdee\" data-id=\"369bdee\" data-element_type=\"column\" data-settings=\"{&quot;background_background&quot;:&quot;classic&quot;}\">\n\t\t\t<div class=\"elementor-widget-wrap elementor-element-populated\">\n\t\t\t\t\t\t<div class=\"elementor-element elementor-element-c0ee2f3 elementor-widget elementor-widget-text-editor\" data-id=\"c0ee2f3\" data-element_type=\"widget\" data-settings=\"{&quot;_animation_mobile&quot;:&quot;zoomIn&quot;}\" data-widget_type=\"text-editor.default\">\n\t\t\t\t<div class=\"elementor-widget-container\">\n\t\t\t\t\t\t\t\t\t<p>Jordi Dalmau y Carina Ju\u00e1rez son una pareja que han trabajado juntos, incansablemente, durante muchos a\u00f1os. Ahora, al frente del Restaurant Sumac en Roses, ofrecen un espacio exclusivo que transmite sensaciones \u00fanicas. Con su delicado paladar y su toque personal, crean una experiencia culinaria excepcional que deleita, tanto el paladar como el coraz\u00f3n de quienes visitan su restaurante.<\/p>\t\t\t\t\t\t\t\t<\/div>\n\t\t\t\t<\/div>\n\t\t\t\t<section class=\"elementor-section elementor-inner-section elementor-element elementor-element-8f92204 elementor-section-full_width elementor-section-height-default elementor-section-height-default qodef-elementor-content-no qodef-elementor-column-no\" data-id=\"8f92204\" data-element_type=\"section\">\n\t\t\t\t\t\t<div class=\"elementor-container elementor-column-gap-default\">\n\t\t\t\t\t<div class=\"elementor-column elementor-col-50 elementor-inner-column elementor-element elementor-element-cbccc84\" data-id=\"cbccc84\" data-element_type=\"column\">\n\t\t\t<div class=\"elementor-widget-wrap elementor-element-populated\">\n\t\t\t\t\t\t<div class=\"elementor-element elementor-element-5ca566e elementor-widget elementor-widget-text-editor\" data-id=\"5ca566e\" data-element_type=\"widget\" data-settings=\"{&quot;_animation_mobile&quot;:&quot;fadeIn&quot;}\" data-widget_type=\"text-editor.default\">\n\t\t\t\t<div class=\"elementor-widget-container\">\n\t\t\t\t\t\t\t\t\t<div class=\"page\" title=\"Page 2\"><div class=\"layoutArea\"><div class=\"column\"><p>Las personas que formamos parte del equipo del restaurante Sumac, somos j\u00f3venes y experimentadas dentro del sector, afrontamos con entusiasmo nuevos desaf\u00edos y oportunidades, con una perspectiva fresca y una s\u00f3lida trayectoria. Con una actitud proactiva y una mentalidad innovadora, estamos comprometidos en ofrecer soluciones creativas y efectivas para satisfacer los deseos de nuestros clientes.<\/p><p>_<\/p><h4><strong>JORDI DALMAU &#8211; CHEF<\/strong><\/h4><p>Al frente de la cocina, Jordi Dalmau. Ha trabajado en el <a href=\"https:\/\/elcellerdematadepera.restaurant\/es\/\" target=\"_blank\" rel=\"noopener\"><strong>Celler de Matadepera <span class=\"selectable-text copyable-text\">\u2605<\/span><\/strong><\/a> (Terrassa), <a href=\"https:\/\/www.cuina-santpau.cat\/\" target=\"_blank\" rel=\"noopener\"><strong>Sant Pau <span class=\"selectable-text copyable-text\">\u2605 \u2605<\/span><\/strong><\/a><span class=\"selectable-text copyable-text\">\u00a0<\/span>\u00a0(Carme Ruscalleda, Sant Pol de Mar), <a href=\"https:\/\/es.wikipedia.org\/wiki\/Can_Fabes\" target=\"_blank\" rel=\"noopener\"><strong>El Raco\u0301 de Can Fabes <span class=\"selectable-text copyable-text\">\u2605 \u2605 \u2605 <\/span><\/strong><\/a> (Santi Santamaria, Sant Celoni), <strong>Santceloni <span class=\"selectable-text copyable-text\">\u2605 <\/span><span class=\"selectable-text copyable-text\">\u2605 <\/span><\/strong> (Oscar Velasco y Abel Valverde, Madrid), <a href=\"https:\/\/www.lavanguardia.com\/ocio\/20120718\/54326364510\/restaurante-evo-cierra-puertas.html\" target=\"_blank\" rel=\"noopener\"><strong>Restaurant EVO <span class=\"selectable-text copyable-text\">\u2605 <\/span><\/strong><\/a> (Ismael Alegria, Hospitalet del Llobregat), <a href=\"https:\/\/www.atlantis.com\/dubai\" target=\"_blank\" rel=\"noopener\"><strong>Ossiano<\/strong> <\/a>(Dubai), <a href=\"https:\/\/www.hotelmaslazuli.es\/\" target=\"_blank\" rel=\"noopener\"><strong>Hotel Mas Lazuli<\/strong><\/a> (Pau).<\/p><h4><strong>CARINA JU\u00c1REZ &#8211; JEFE DE SALA<\/strong><\/h4><p>En la Sala Carina Juarez. Ha trabajado en <a href=\"https:\/\/es.wikipedia.org\/wiki\/Can_Fabes\" target=\"_blank\" rel=\"noopener\"><strong>El Raco\u0301 de Can Fabes<\/strong><\/a>\u00a0<a style=\"font-size: 1.1em; background-color: #b9b9b5; color: var(--qode-main-color);\" href=\"https:\/\/cellercanroca.com\/\" target=\"_blank\" rel=\"noopener\"><span style=\"font-weight: bolder;\">\u2605 \u2605 \u2605\u00a0<\/span><\/a><span style=\"font-size: 1.1em;\">\u00a0(Santi Santamaria, Sant Celoni),\u00a0<\/span><a style=\"font-size: 1.1em;\" href=\"https:\/\/cellercanroca.com\/\" target=\"_blank\" rel=\"noopener\"><strong>El Celler de Can Roca <span class=\"selectable-text copyable-text\">\u2605 \u2605 \u2605 <\/span><\/strong><\/a><span style=\"font-size: 1.1em;\"> (germans Roca, Girona), <\/span><a style=\"font-size: 1.1em;\" href=\"https:\/\/www.hotelmaslazuli.es\/\" target=\"_blank\" rel=\"noopener\"><strong>Hotel Mas Lazuli<\/strong><\/a><span style=\"font-size: 1.1em;\"> (Pau).<\/span><\/p><p>_<\/p><p><em><span style=\"font-weight: 400;\">\u00abAhora, con la experiencia que hemos adquirido en restaurantes de renombre a nivel mundial, te invitamos a descubrir y degustar nuestra cocina. Nuestras vivencias y conocimientos, se reflejan en cada plato que servimos con pasi\u00f3n y arte. Te animamos a explorar los sabores y las creaciones gastron\u00f3micas que te proponemos en nuestro restaurante en Roses.\u00bb Jordi y Carina.<\/span><\/em><\/p><\/div><\/div><\/div>\t\t\t\t\t\t\t\t<\/div>\n\t\t\t\t<\/div>\n\t\t\t\t\t<\/div>\n\t\t<\/div>\n\t\t\t\t<div class=\"elementor-column elementor-col-50 elementor-inner-column elementor-element elementor-element-448e45a\" data-id=\"448e45a\" data-element_type=\"column\">\n\t\t\t<div class=\"elementor-widget-wrap\">\n\t\t\t\t\t\t\t<\/div>\n\t\t<\/div>\n\t\t\t\t\t<\/div>\n\t\t<\/section>\n\t\t\t\t\t<\/div>\n\t\t<\/div>\n\t\t\t\t\t<\/div>\n\t\t<\/section>\n\t\t\t\t<section class=\"elementor-section elementor-top-section elementor-element elementor-element-a5df1bc elementor-section-full_width elementor-section-height-default elementor-section-height-default qodef-elementor-content-no qodef-elementor-column-no\" data-id=\"a5df1bc\" data-element_type=\"section\" data-settings=\"{&quot;background_background&quot;:&quot;classic&quot;}\">\n\t\t\t\t\t\t\t<div class=\"elementor-background-overlay\"><\/div>\n\t\t\t\t\t\t\t<div class=\"elementor-container elementor-column-gap-default\">\n\t\t\t\t\t<div class=\"elementor-column elementor-col-100 elementor-top-column elementor-element elementor-element-2ac4f56\" data-id=\"2ac4f56\" data-element_type=\"column\" data-settings=\"{&quot;background_background&quot;:&quot;classic&quot;}\">\n\t\t\t<div class=\"elementor-widget-wrap elementor-element-populated\">\n\t\t\t\t\t\t<div class=\"elementor-element elementor-element-a7e32df elementor-widget elementor-widget-spacer\" data-id=\"a7e32df\" data-element_type=\"widget\" data-widget_type=\"spacer.default\">\n\t\t\t\t<div class=\"elementor-widget-container\">\n\t\t\t\t\t\t\t<div class=\"elementor-spacer\">\n\t\t\t<div class=\"elementor-spacer-inner\"><\/div>\n\t\t<\/div>\n\t\t\t\t\t\t<\/div>\n\t\t\t\t<\/div>\n\t\t\t\t\t<\/div>\n\t\t<\/div>\n\t\t\t\t\t<\/div>\n\t\t<\/section>\n\t\t\t\t<\/div>\n\t\t","protected":false},"excerpt":{"rendered":"<p>Jordi Dalmau y Carina Ju\u00e1rez son una pareja que han trabajado juntos, incansablemente, durante muchos a\u00f1os. Ahora, al frente del Restaurant Sumac en Roses, ofrecen un espacio exclusivo que transmite sensaciones \u00fanicas. Con su delicado paladar y su toque personal, crean una experiencia culinaria excepcional que deleita, tanto el paladar como el coraz\u00f3n de quienes [&hellip;]<\/p>\n","protected":false},"author":1,"featured_media":11151,"parent":0,"menu_order":0,"comment_status":"closed","ping_status":"closed","template":"page-full-width.php","meta":{"footnotes":""},"class_list":["post-11284","page","type-page","status-publish","has-post-thumbnail","hentry"],"yoast_head":"<!-- This site is optimized with the Yoast SEO plugin v25.9 - https:\/\/yoast.com\/wordpress\/plugins\/seo\/ -->\n<title>El equipo - Sumac<\/title>\n<meta name=\"description\" content=\"Amb Jordi Dalmau i Carina Juarez, el Restaurant Sumac de Roses es converteix en una experi\u00e8ncia gatron\u00f2mica inoblidable.\" \/>\n<meta name=\"robots\" content=\"index, follow, max-snippet:-1, max-image-preview:large, max-video-preview:-1\" \/>\n<link rel=\"canonical\" href=\"https:\/\/restaurantsumac.com\/es\/equipo-jordi-dalmau\/\" \/>\n<meta property=\"og:locale\" content=\"es_ES\" \/>\n<meta property=\"og:type\" content=\"article\" \/>\n<meta property=\"og:title\" content=\"El equipo - Sumac\" \/>\n<meta property=\"og:description\" content=\"Amb Jordi Dalmau i Carina Juarez, el Restaurant Sumac de Roses es converteix en una experi\u00e8ncia gatron\u00f2mica inoblidable.\" \/>\n<meta property=\"og:url\" content=\"https:\/\/restaurantsumac.com\/es\/equipo-jordi-dalmau\/\" \/>\n<meta property=\"og:site_name\" content=\"Sumac\" \/>\n<meta property=\"article:modified_time\" content=\"2023-06-07T12:49:20+00:00\" \/>\n<meta property=\"og:image\" content=\"https:\/\/restaurantsumac.com\/wp-content\/uploads\/2023\/04\/banner-equip.jpg\" \/>\n\t<meta property=\"og:image:width\" content=\"1824\" \/>\n\t<meta property=\"og:image:height\" content=\"1216\" \/>\n\t<meta property=\"og:image:type\" content=\"image\/jpeg\" \/>\n<meta name=\"twitter:card\" content=\"summary_large_image\" \/>\n<meta name=\"twitter:label1\" content=\"Tiempo de lectura\" \/>\n\t<meta name=\"twitter:data1\" content=\"2 minutos\" \/>\n<script type=\"application\/ld+json\" class=\"yoast-schema-graph\">{\"@context\":\"https:\/\/schema.org\",\"@graph\":[{\"@type\":\"WebPage\",\"@id\":\"https:\/\/restaurantsumac.com\/es\/equipo-jordi-dalmau\/\",\"url\":\"https:\/\/restaurantsumac.com\/es\/equipo-jordi-dalmau\/\",\"name\":\"El equipo - Sumac\",\"isPartOf\":{\"@id\":\"https:\/\/restaurantsumac.com\/es\/#website\"},\"primaryImageOfPage\":{\"@id\":\"https:\/\/restaurantsumac.com\/es\/equipo-jordi-dalmau\/#primaryimage\"},\"image\":{\"@id\":\"https:\/\/restaurantsumac.com\/es\/equipo-jordi-dalmau\/#primaryimage\"},\"thumbnailUrl\":\"https:\/\/restaurantsumac.com\/wp-content\/uploads\/2023\/04\/banner-equip.jpg\",\"datePublished\":\"2023-04-28T07:30:34+00:00\",\"dateModified\":\"2023-06-07T12:49:20+00:00\",\"description\":\"Amb Jordi Dalmau i Carina Juarez, el Restaurant Sumac de Roses es converteix en una experi\u00e8ncia gatron\u00f2mica inoblidable.\",\"breadcrumb\":{\"@id\":\"https:\/\/restaurantsumac.com\/es\/equipo-jordi-dalmau\/#breadcrumb\"},\"inLanguage\":\"es\",\"potentialAction\":[{\"@type\":\"ReadAction\",\"target\":[\"https:\/\/restaurantsumac.com\/es\/equipo-jordi-dalmau\/\"]}]},{\"@type\":\"ImageObject\",\"inLanguage\":\"es\",\"@id\":\"https:\/\/restaurantsumac.com\/es\/equipo-jordi-dalmau\/#primaryimage\",\"url\":\"https:\/\/restaurantsumac.com\/wp-content\/uploads\/2023\/04\/banner-equip.jpg\",\"contentUrl\":\"https:\/\/restaurantsumac.com\/wp-content\/uploads\/2023\/04\/banner-equip.jpg\",\"width\":1824,\"height\":1216,\"caption\":\"Jordi Dalmau - restaurant sumac Roses\"},{\"@type\":\"BreadcrumbList\",\"@id\":\"https:\/\/restaurantsumac.com\/es\/equipo-jordi-dalmau\/#breadcrumb\",\"itemListElement\":[{\"@type\":\"ListItem\",\"position\":1,\"name\":\"Inici\",\"item\":\"https:\/\/restaurantsumac.com\/es\/\"},{\"@type\":\"ListItem\",\"position\":2,\"name\":\"El equipo\"}]},{\"@type\":\"WebSite\",\"@id\":\"https:\/\/restaurantsumac.com\/es\/#website\",\"url\":\"https:\/\/restaurantsumac.com\/es\/\",\"name\":\"Sumac\",\"description\":\"Restaurant Roses\",\"publisher\":{\"@id\":\"https:\/\/restaurantsumac.com\/es\/#organization\"},\"potentialAction\":[{\"@type\":\"SearchAction\",\"target\":{\"@type\":\"EntryPoint\",\"urlTemplate\":\"https:\/\/restaurantsumac.com\/es\/?s={search_term_string}\"},\"query-input\":{\"@type\":\"PropertyValueSpecification\",\"valueRequired\":true,\"valueName\":\"search_term_string\"}}],\"inLanguage\":\"es\"},{\"@type\":\"Organization\",\"@id\":\"https:\/\/restaurantsumac.com\/es\/#organization\",\"name\":\"Restaurant Sumac Roses\",\"url\":\"https:\/\/restaurantsumac.com\/es\/\",\"logo\":{\"@type\":\"ImageObject\",\"inLanguage\":\"es\",\"@id\":\"https:\/\/restaurantsumac.com\/es\/#\/schema\/logo\/image\/\",\"url\":\"https:\/\/restaurantsumac.com\/wp-content\/uploads\/2023\/03\/logo-web.png\",\"contentUrl\":\"https:\/\/restaurantsumac.com\/wp-content\/uploads\/2023\/03\/logo-web.png\",\"width\":250,\"height\":67,\"caption\":\"Restaurant Sumac Roses\"},\"image\":{\"@id\":\"https:\/\/restaurantsumac.com\/es\/#\/schema\/logo\/image\/\"}}]}<\/script>\n<!-- \/ Yoast SEO plugin. -->","yoast_head_json":{"title":"El equipo - Sumac","description":"Amb Jordi Dalmau i Carina Juarez, el Restaurant Sumac de Roses es converteix en una experi\u00e8ncia gatron\u00f2mica inoblidable.","robots":{"index":"index","follow":"follow","max-snippet":"max-snippet:-1","max-image-preview":"max-image-preview:large","max-video-preview":"max-video-preview:-1"},"canonical":"https:\/\/restaurantsumac.com\/es\/equipo-jordi-dalmau\/","og_locale":"es_ES","og_type":"article","og_title":"El equipo - Sumac","og_description":"Amb Jordi Dalmau i Carina Juarez, el Restaurant Sumac de Roses es converteix en una experi\u00e8ncia gatron\u00f2mica inoblidable.","og_url":"https:\/\/restaurantsumac.com\/es\/equipo-jordi-dalmau\/","og_site_name":"Sumac","article_modified_time":"2023-06-07T12:49:20+00:00","og_image":[{"width":1824,"height":1216,"url":"https:\/\/restaurantsumac.com\/wp-content\/uploads\/2023\/04\/banner-equip.jpg","type":"image\/jpeg"}],"twitter_card":"summary_large_image","twitter_misc":{"Tiempo de lectura":"2 minutos"},"schema":{"@context":"https:\/\/schema.org","@graph":[{"@type":"WebPage","@id":"https:\/\/restaurantsumac.com\/es\/equipo-jordi-dalmau\/","url":"https:\/\/restaurantsumac.com\/es\/equipo-jordi-dalmau\/","name":"El equipo - Sumac","isPartOf":{"@id":"https:\/\/restaurantsumac.com\/es\/#website"},"primaryImageOfPage":{"@id":"https:\/\/restaurantsumac.com\/es\/equipo-jordi-dalmau\/#primaryimage"},"image":{"@id":"https:\/\/restaurantsumac.com\/es\/equipo-jordi-dalmau\/#primaryimage"},"thumbnailUrl":"https:\/\/restaurantsumac.com\/wp-content\/uploads\/2023\/04\/banner-equip.jpg","datePublished":"2023-04-28T07:30:34+00:00","dateModified":"2023-06-07T12:49:20+00:00","description":"Amb Jordi Dalmau i Carina Juarez, el Restaurant Sumac de Roses es converteix en una experi\u00e8ncia gatron\u00f2mica inoblidable.","breadcrumb":{"@id":"https:\/\/restaurantsumac.com\/es\/equipo-jordi-dalmau\/#breadcrumb"},"inLanguage":"es","potentialAction":[{"@type":"ReadAction","target":["https:\/\/restaurantsumac.com\/es\/equipo-jordi-dalmau\/"]}]},{"@type":"ImageObject","inLanguage":"es","@id":"https:\/\/restaurantsumac.com\/es\/equipo-jordi-dalmau\/#primaryimage","url":"https:\/\/restaurantsumac.com\/wp-content\/uploads\/2023\/04\/banner-equip.jpg","contentUrl":"https:\/\/restaurantsumac.com\/wp-content\/uploads\/2023\/04\/banner-equip.jpg","width":1824,"height":1216,"caption":"Jordi Dalmau - restaurant sumac Roses"},{"@type":"BreadcrumbList","@id":"https:\/\/restaurantsumac.com\/es\/equipo-jordi-dalmau\/#breadcrumb","itemListElement":[{"@type":"ListItem","position":1,"name":"Inici","item":"https:\/\/restaurantsumac.com\/es\/"},{"@type":"ListItem","position":2,"name":"El equipo"}]},{"@type":"WebSite","@id":"https:\/\/restaurantsumac.com\/es\/#website","url":"https:\/\/restaurantsumac.com\/es\/","name":"Sumac","description":"Restaurant Roses","publisher":{"@id":"https:\/\/restaurantsumac.com\/es\/#organization"},"potentialAction":[{"@type":"SearchAction","target":{"@type":"EntryPoint","urlTemplate":"https:\/\/restaurantsumac.com\/es\/?s={search_term_string}"},"query-input":{"@type":"PropertyValueSpecification","valueRequired":true,"valueName":"search_term_string"}}],"inLanguage":"es"},{"@type":"Organization","@id":"https:\/\/restaurantsumac.com\/es\/#organization","name":"Restaurant Sumac Roses","url":"https:\/\/restaurantsumac.com\/es\/","logo":{"@type":"ImageObject","inLanguage":"es","@id":"https:\/\/restaurantsumac.com\/es\/#\/schema\/logo\/image\/","url":"https:\/\/restaurantsumac.com\/wp-content\/uploads\/2023\/03\/logo-web.png","contentUrl":"https:\/\/restaurantsumac.com\/wp-content\/uploads\/2023\/03\/logo-web.png","width":250,"height":67,"caption":"Restaurant Sumac Roses"},"image":{"@id":"https:\/\/restaurantsumac.com\/es\/#\/schema\/logo\/image\/"}}]}},"_links":{"self":[{"href":"https:\/\/restaurantsumac.com\/es\/wp-json\/wp\/v2\/pages\/11284","targetHints":{"allow":["GET"]}}],"collection":[{"href":"https:\/\/restaurantsumac.com\/es\/wp-json\/wp\/v2\/pages"}],"about":[{"href":"https:\/\/restaurantsumac.com\/es\/wp-json\/wp\/v2\/types\/page"}],"author":[{"embeddable":true,"href":"https:\/\/restaurantsumac.com\/es\/wp-json\/wp\/v2\/users\/1"}],"replies":[{"embeddable":true,"href":"https:\/\/restaurantsumac.com\/es\/wp-json\/wp\/v2\/comments?post=11284"}],"version-history":[{"count":49,"href":"https:\/\/restaurantsumac.com\/es\/wp-json\/wp\/v2\/pages\/11284\/revisions"}],"predecessor-version":[{"id":12060,"href":"https:\/\/restaurantsumac.com\/es\/wp-json\/wp\/v2\/pages\/11284\/revisions\/12060"}],"wp:featuredmedia":[{"embeddable":true,"href":"https:\/\/restaurantsumac.com\/es\/wp-json\/wp\/v2\/media\/11151"}],"wp:attachment":[{"href":"https:\/\/restaurantsumac.com\/es\/wp-json\/wp\/v2\/media?parent=11284"}],"curies":[{"name":"wp","href":"https:\/\/api.w.org\/{rel}","templated":true}]}}