{"id":11292,"date":"2023-04-28T08:39:16","date_gmt":"2023-04-28T06:39:16","guid":{"rendered":"https:\/\/restaurantsumac.com\/experiencia-gastronomica-roses\/"},"modified":"2025-06-16T10:36:36","modified_gmt":"2025-06-16T08:36:36","slug":"experiencia-gastronomica-en-roses","status":"publish","type":"page","link":"https:\/\/restaurantsumac.com\/es\/experiencia-gastronomica-en-roses\/","title":{"rendered":"Vale regalo"},"content":{"rendered":"\t\t<div data-elementor-type=\"wp-page\" data-elementor-id=\"11292\" class=\"elementor elementor-11292 elementor-10379\">\n\t\t\t\t\t\t<section data-dynamic-background-color=\"#A9B1AB\" class=\"elementor-section elementor-top-section elementor-element elementor-element-fbc184f elementor-section-full_width elementor-section-height-default elementor-section-height-default qodef-elementor-content-no qodef-elementor-column-no\" data-id=\"fbc184f\" data-element_type=\"section\" data-settings=\"{&quot;background_background&quot;:&quot;classic&quot;}\">\n\t\t\t\t\t\t\t<div class=\"elementor-background-overlay\"><\/div>\n\t\t\t\t\t\t\t<div class=\"elementor-container elementor-column-gap-default\">\n\t\t\t\t\t<div class=\"elementor-column elementor-col-100 elementor-top-column elementor-element elementor-element-369bdee\" data-id=\"369bdee\" data-element_type=\"column\" data-settings=\"{&quot;background_background&quot;:&quot;classic&quot;}\">\n\t\t\t<div class=\"elementor-widget-wrap elementor-element-populated\">\n\t\t\t\t\t\t<div class=\"elementor-element elementor-element-baaee77 elementor-widget elementor-widget-heading\" data-id=\"baaee77\" data-element_type=\"widget\" data-widget_type=\"heading.default\">\n\t\t\t\t<div class=\"elementor-widget-container\">\n\t\t\t\t\t<h2 class=\"elementor-heading-title elementor-size-default\">Una experiencia gastron\u00f3mica en Roses<\/h2>\t\t\t\t<\/div>\n\t\t\t\t<\/div>\n\t\t\t\t<div class=\"elementor-element elementor-element-7569970 elementor-widget elementor-widget-heading\" data-id=\"7569970\" data-element_type=\"widget\" data-widget_type=\"heading.default\">\n\t\t\t\t<div class=\"elementor-widget-container\">\n\t\t\t\t\t<h1 class=\"elementor-heading-title elementor-size-default\">regala Sumac<\/h1>\t\t\t\t<\/div>\n\t\t\t\t<\/div>\n\t\t\t\t\t<\/div>\n\t\t<\/div>\n\t\t\t\t\t<\/div>\n\t\t<\/section>\n\t\t\t\t<section data-dynamic-background-color=\"#D9D0D0\" class=\"elementor-section elementor-top-section elementor-element elementor-element-2a25334 elementor-section-full_width elementor-section-height-min-height elementor-section-content-top elementor-section-items-top elementor-section-height-default qodef-elementor-content-no qodef-elementor-column-no\" data-id=\"2a25334\" data-element_type=\"section\" data-settings=\"{&quot;background_background&quot;:&quot;classic&quot;}\">\n\t\t\t\t\t\t<div class=\"elementor-container elementor-column-gap-custom\">\n\t\t\t\t\t<div class=\"elementor-column elementor-col-50 elementor-top-column elementor-element elementor-element-36a71c1\" data-id=\"36a71c1\" data-element_type=\"column\" data-settings=\"{&quot;background_background&quot;:&quot;classic&quot;}\">\n\t\t\t<div class=\"elementor-widget-wrap elementor-element-populated\">\n\t\t\t\t\t\t<div class=\"elementor-element elementor-element-28065a7 elementor-invisible elementor-widget elementor-widget-heading\" data-id=\"28065a7\" data-element_type=\"widget\" data-settings=\"{&quot;_animation&quot;:&quot;zoomIn&quot;}\" data-widget_type=\"heading.default\">\n\t\t\t\t<div class=\"elementor-widget-container\">\n\t\t\t\t\t<h3 class=\"elementor-heading-title elementor-size-default\">Arte, tradici\u00f3n y cultura. <span>Una experiencia gastron\u00f3mica en Roses para ser regalada.<\/span><span><\/span> <\/h3>\t\t\t\t<\/div>\n\t\t\t\t<\/div>\n\t\t\t\t\t<\/div>\n\t\t<\/div>\n\t\t\t\t<div class=\"elementor-column elementor-col-50 elementor-top-column elementor-element elementor-element-dcfb1a0\" data-id=\"dcfb1a0\" data-element_type=\"column\" data-settings=\"{&quot;background_background&quot;:&quot;classic&quot;}\">\n\t\t\t<div class=\"elementor-widget-wrap elementor-element-populated\">\n\t\t\t\t\t\t<div class=\"elementor-element elementor-element-5ca566e elementor-widget elementor-widget-text-editor\" data-id=\"5ca566e\" data-element_type=\"widget\" data-widget_type=\"text-editor.default\">\n\t\t\t\t<div class=\"elementor-widget-container\">\n\t\t\t\t\t\t\t\t\t<p>\u00a1Celebra con nosotros y regala momentos gastron\u00f3micos en el Sumac Restaurant!<\/p><p>Sorprende con una experiencia culinaria, con una comida o cena. Desde el <a href=\"https:\/\/restaurantsumac.com\/es\/sumac-menu-autor\/\">men\u00fa de autor<\/a> a tu men\u00fa personalizado.<\/p><p>Para m\u00e1s informaci\u00f3n o para hacer reservas, puede contactar con nosotros llamando al 972 154 802 o bien directamente al restaurante.<\/p><p>No dudes en convertir tu pr\u00f3ximo evento en una inolvidable experiencia gastron\u00f3mica en<a href=\"http:\/\/ca.visit.roses.cat\/planifica\/restaurants\/sumac\/\" target=\"_blank\" rel=\"noopener\"> Roses<\/a>.<\/p>\t\t\t\t\t\t\t\t<\/div>\n\t\t\t\t<\/div>\n\t\t\t\t<div class=\"elementor-element elementor-element-a81c246 elementor-widget elementor-widget-text-editor\" data-id=\"a81c246\" data-element_type=\"widget\" data-widget_type=\"text-editor.default\">\n\t\t\t\t<div class=\"elementor-widget-container\">\n\t\t\t\t\t\t\t\t\t<b style=\"font-size: 1.4em;\">EXPERIENCIAS GASTRON\u00d3MICAS PARA REGALAR<\/b>\t\t\t\t\t\t\t\t<\/div>\n\t\t\t\t<\/div>\n\t\t\t\t<div class=\"elementor-element elementor-element-151c55c elementor-widget elementor-widget-qi_addons_for_elementor_accordion\" data-id=\"151c55c\" data-element_type=\"widget\" data-widget_type=\"qi_addons_for_elementor_accordion.default\">\n\t\t\t\t<div class=\"elementor-widget-container\">\n\t\t\t\t\t<div class=\"qodef-shortcode qodef-m qodef-qi-accordion qodef-qi-clear qodef-behavior--toggle qodef-layout--simple qodef-style--border-between\">\n\t<h5 class=\"qodef-e-title-holder\">\n\t<span class=\"qodef-e-title\">Men\u00fa Degustaci\u00f3n | 100 \u20ac<\/span>\n\t<span class=\"qodef-e-mark\">\n\t\t<span class=\"qodef-icon--plus\">\n\t\t\t\t<span class=\"qodef-e-icon\">\n\t\t<i aria-hidden=\"true\" class=\"fas fa-plus\"><\/i>\t<\/span>\n\t\t\t<\/span>\n\t\t<span class=\"qodef-icon--minus\">\n\t\t\t\t<span class=\"qodef-e-icon\">\n\t\t<i aria-hidden=\"true\" class=\"fas fa-minus\"><\/i>\t<\/span>\n\t\t\t<\/span>\n\t<\/span>\n<\/h5>\n<div class=\"qodef-e-content\">\n\t<div class=\"qodef-e-content-inner\">\n\t\t<p class=\"p1\"><b>Incluye<\/b><b><\/b><\/p><p class=\"p1\">Copa de cava Sumac y aperitivos.<\/p><p>6 platos (dos entrantes, pescado, carne, pre postre y postre).<\/p><p class=\"p1\">Vinos, agua y caf\u00e9.<\/p><p class=\"p1\"><b>Especificaciones<\/b><b><\/b><\/p><p class=\"p1\">No incluye ni destilados ni licores.<\/p><p class=\"p1\">El men\u00fa ser\u00e1 seg\u00fan temporada.<\/p><p class=\"p2\">Men\u00fa mesa completa.<\/p>\t<\/div>\n<\/div>\n<h5 class=\"qodef-e-title-holder\">\n\t<span class=\"qodef-e-title\">Men\u00fa Dalmau |\u00a075 \u20ac<\/span>\n\t<span class=\"qodef-e-mark\">\n\t\t<span class=\"qodef-icon--plus\">\n\t\t\t\t<span class=\"qodef-e-icon\">\n\t\t<i aria-hidden=\"true\" class=\"fas fa-plus\"><\/i>\t<\/span>\n\t\t\t<\/span>\n\t\t<span class=\"qodef-icon--minus\">\n\t\t\t\t<span class=\"qodef-e-icon\">\n\t\t<i aria-hidden=\"true\" class=\"fas fa-minus\"><\/i>\t<\/span>\n\t\t\t<\/span>\n\t<\/span>\n<\/h5>\n<div class=\"qodef-e-content\">\n\t<div class=\"qodef-e-content-inner\">\n\t\t<p class=\"p1\"><b>Incluye<\/b><br \/>Surtido de aperitivos.<\/p><p class=\"p1\">Entrante.<\/p><p class=\"p1\">Pescado.<\/p><p class=\"p1\">Carne<\/p><p class=\"p1\">Postre.<\/p><p class=\"p1\">Vino Selecci\u00f3n especial Sumac.<\/p><p class=\"p1\">Agua y Caf\u00e9.<\/p><p class=\"p1\"><b>Especificaciones<\/b><b><\/b><\/p><p class=\"p1\">No incluye ni destilados ni licores.<\/p><p class=\"p1\">El men\u00fa ser\u00e1 seg\u00fan temporada.<\/p><p class=\"p2\">Men\u00fa mesa completa.<\/p>\t<\/div>\n<\/div>\n<\/div>\n\t\t\t\t<\/div>\n\t\t\t\t<\/div>\n\t\t\t\t<div class=\"elementor-element elementor-element-f54a51f animated-slow elementor-invisible elementor-widget elementor-widget-image\" data-id=\"f54a51f\" data-element_type=\"widget\" data-settings=\"{&quot;_animation&quot;:&quot;fadeInRight&quot;}\" data-widget_type=\"image.default\">\n\t\t\t\t<div class=\"elementor-widget-container\">\n\t\t\t\t\t\t\t\t\t\t\t\t\t\t\t<img fetchpriority=\"high\" decoding=\"async\" width=\"1024\" height=\"683\" src=\"https:\/\/restaurantsumac.com\/wp-content\/uploads\/2023\/05\/REGAL-1024x683.webp\" class=\"attachment-large size-large wp-image-11178\" alt=\"experiencia gastronomica roses\" srcset=\"https:\/\/restaurantsumac.com\/wp-content\/uploads\/2023\/05\/REGAL-1024x683.webp 1024w, https:\/\/restaurantsumac.com\/wp-content\/uploads\/2023\/05\/REGAL-300x200.webp 300w, https:\/\/restaurantsumac.com\/wp-content\/uploads\/2023\/05\/REGAL-768x512.webp 768w, https:\/\/restaurantsumac.com\/wp-content\/uploads\/2023\/05\/REGAL-1536x1024.webp 1536w, https:\/\/restaurantsumac.com\/wp-content\/uploads\/2023\/05\/REGAL.webp 1824w\" sizes=\"(max-width: 1024px) 100vw, 1024px\" \/>\t\t\t\t\t\t\t\t\t\t\t\t\t\t\t<\/div>\n\t\t\t\t<\/div>\n\t\t\t\t<div class=\"elementor-element elementor-element-c6424ca elementor-widget elementor-widget-text-editor\" data-id=\"c6424ca\" data-element_type=\"widget\" data-widget_type=\"text-editor.default\">\n\t\t\t\t<div class=\"elementor-widget-container\">\n\t\t\t\t\t\t\t\t\t<p><b style=\"font-size: 1.4em;\">ESCRIBENOS<\/b><\/p>\t\t\t\t\t\t\t\t<\/div>\n\t\t\t\t<\/div>\n\t\t\t\t<div class=\"elementor-element elementor-element-4390ebd elementor-invisible elementor-widget elementor-widget-qi_addons_for_elementor_contact_form_7\" data-id=\"4390ebd\" data-element_type=\"widget\" data-settings=\"{&quot;_animation&quot;:&quot;zoomIn&quot;,&quot;_animation_delay&quot;:1000}\" data-widget_type=\"qi_addons_for_elementor_contact_form_7.default\">\n\t\t\t\t<div class=\"elementor-widget-container\">\n\t\t\t\t\t<div class=\"qodef-shortcode qodef-m qodef-qi-contact-form-7\">\n\t\n<div class=\"wpcf7 no-js\" id=\"wpcf7-f11386-o1\" lang=\"es-ES\" dir=\"ltr\" data-wpcf7-id=\"11386\">\n<div class=\"screen-reader-response\"><p role=\"status\" aria-live=\"polite\" aria-atomic=\"true\"><\/p> <ul><\/ul><\/div>\n<form action=\"\/es\/wp-json\/wp\/v2\/pages\/11292#wpcf7-f11386-o1\" method=\"post\" class=\"wpcf7-form init\" aria-label=\"Formulario de contacto\" novalidate=\"novalidate\" data-status=\"init\">\n<fieldset class=\"hidden-fields-container\"><input type=\"hidden\" name=\"_wpcf7\" value=\"11386\" \/><input type=\"hidden\" name=\"_wpcf7_version\" value=\"6.1.1\" \/><input type=\"hidden\" name=\"_wpcf7_locale\" value=\"es_ES\" \/><input type=\"hidden\" name=\"_wpcf7_unit_tag\" value=\"wpcf7-f11386-o1\" \/><input type=\"hidden\" name=\"_wpcf7_container_post\" value=\"0\" \/><input type=\"hidden\" name=\"_wpcf7_posted_data_hash\" value=\"\" \/><input type=\"hidden\" name=\"_wpcf7_recaptcha_response\" value=\"\" \/>\n<\/fieldset>\n<label> Nombre y apellidos\n    <span class=\"wpcf7-form-control-wrap\" data-name=\"your-name\"><input size=\"40\" maxlength=\"400\" class=\"wpcf7-form-control wpcf7-text wpcf7-validates-as-required\" aria-required=\"true\" aria-invalid=\"false\" value=\"\" type=\"text\" name=\"your-name\" \/><\/span> <\/label>\n\n<label> Tel\u00e9fono\n    <span class=\"wpcf7-form-control-wrap\" data-name=\"tel-90\"><input size=\"40\" maxlength=\"400\" class=\"wpcf7-form-control wpcf7-tel wpcf7-validates-as-required wpcf7-text wpcf7-validates-as-tel\" aria-required=\"true\" aria-invalid=\"false\" value=\"\" type=\"tel\" name=\"tel-90\" \/><\/span> <\/label>\n\n<label> Correo electr\u00f3nico\n    <span class=\"wpcf7-form-control-wrap\" data-name=\"your-email\"><input size=\"40\" maxlength=\"400\" class=\"wpcf7-form-control wpcf7-email wpcf7-validates-as-required wpcf7-text wpcf7-validates-as-email\" aria-required=\"true\" aria-invalid=\"false\" value=\"\" type=\"email\" name=\"your-email\" \/><\/span> <\/label>\n\n\n<label> Mensaje\n    <span class=\"wpcf7-form-control-wrap\" data-name=\"your-message\"><textarea cols=\"40\" rows=\"10\" maxlength=\"2000\" class=\"wpcf7-form-control wpcf7-textarea wpcf7-validates-as-required\" aria-required=\"true\" aria-invalid=\"false\" name=\"your-message\"><\/textarea><\/span> <\/label>\n\n<br>\n<label> \n<span class=\"wpcf7-form-control-wrap\" data-name=\"acceptance-357\"><span class=\"wpcf7-form-control wpcf7-acceptance optional\"><span class=\"wpcf7-list-item\"><label><input type=\"checkbox\" name=\"acceptance-357\" value=\"1\" aria-invalid=\"false\" \/><span class=\"wpcf7-list-item-label\">Al enviar este formulario est\u00e1s aceptando nuestro aviso legal<\/span><\/label><\/span><\/span><\/span>\n<br>\n\n<label> \n[cf7ic]\n<\/label>\n<br>\n\n<button class=\"wpcf7-form-control wpcf7-submit qodef-button qodef-size--normal qodef-layout--filled qodef-m\" type=\"submit\"><span class=\"qodef-m-text\">Enviar<\/span><\/button><input type='hidden' class='wpcf7-pum' value='{\"closepopup\":false,\"closedelay\":0,\"openpopup\":false,\"openpopup_id\":0}' \/><div class=\"wpcf7-response-output\" aria-hidden=\"true\"><\/div>\n<\/form>\n<\/div>\n<\/div>\n\t\t\t\t<\/div>\n\t\t\t\t<\/div>\n\t\t\t\t\t<\/div>\n\t\t<\/div>\n\t\t\t\t\t<\/div>\n\t\t<\/section>\n\t\t\t\t<\/div>\n\t\t","protected":false},"excerpt":{"rendered":"<p>Una experiencia gastron\u00f3mica en Roses regala Sumac Arte, tradici\u00f3n y cultura. Una experiencia gastron\u00f3mica en Roses para ser regalada. \u00a1Celebra con nosotros y regala momentos gastron\u00f3micos en el Sumac Restaurant! Sorprende con una experiencia culinaria, con una comida o cena. Desde el men\u00fa de autor a tu men\u00fa personalizado. Para m\u00e1s informaci\u00f3n o para hacer [&hellip;]<\/p>\n","protected":false},"author":1,"featured_media":11151,"parent":0,"menu_order":0,"comment_status":"closed","ping_status":"closed","template":"page-full-width.php","meta":{"footnotes":""},"class_list":["post-11292","page","type-page","status-publish","has-post-thumbnail","hentry"],"yoast_head":"<!-- This site is optimized with the Yoast SEO plugin v25.9 - https:\/\/yoast.com\/wordpress\/plugins\/seo\/ -->\n<title>Vale regalo - Sumac<\/title>\n<meta name=\"description\" content=\"Descubre la mejor experiencia gastron\u00f3mica en Roses. Sumac te invita a disfrutar de sabores sofisticados y creaciones excepcionales.\" \/>\n<meta name=\"robots\" content=\"index, follow, max-snippet:-1, max-image-preview:large, max-video-preview:-1\" \/>\n<link rel=\"canonical\" href=\"https:\/\/restaurantsumac.com\/es\/experiencia-gastronomica-en-roses\/\" \/>\n<meta property=\"og:locale\" content=\"es_ES\" \/>\n<meta property=\"og:type\" content=\"article\" \/>\n<meta property=\"og:title\" content=\"Vale regalo - Sumac\" \/>\n<meta property=\"og:description\" content=\"Descubre la mejor experiencia gastron\u00f3mica en Roses. Sumac te invita a disfrutar de sabores sofisticados y creaciones excepcionales.\" \/>\n<meta property=\"og:url\" content=\"https:\/\/restaurantsumac.com\/es\/experiencia-gastronomica-en-roses\/\" \/>\n<meta property=\"og:site_name\" content=\"Sumac\" \/>\n<meta property=\"article:modified_time\" content=\"2025-06-16T08:36:36+00:00\" \/>\n<meta property=\"og:image\" content=\"https:\/\/restaurantsumac.com\/wp-content\/uploads\/2023\/04\/banner-equip.jpg\" \/>\n\t<meta property=\"og:image:width\" content=\"1824\" \/>\n\t<meta property=\"og:image:height\" content=\"1216\" \/>\n\t<meta property=\"og:image:type\" content=\"image\/jpeg\" \/>\n<meta name=\"twitter:card\" content=\"summary_large_image\" \/>\n<meta name=\"twitter:label1\" content=\"Tiempo de lectura\" \/>\n\t<meta name=\"twitter:data1\" content=\"2 minutos\" \/>\n<script type=\"application\/ld+json\" class=\"yoast-schema-graph\">{\"@context\":\"https:\/\/schema.org\",\"@graph\":[{\"@type\":\"WebPage\",\"@id\":\"https:\/\/restaurantsumac.com\/es\/experiencia-gastronomica-en-roses\/\",\"url\":\"https:\/\/restaurantsumac.com\/es\/experiencia-gastronomica-en-roses\/\",\"name\":\"Vale regalo - Sumac\",\"isPartOf\":{\"@id\":\"https:\/\/restaurantsumac.com\/es\/#website\"},\"primaryImageOfPage\":{\"@id\":\"https:\/\/restaurantsumac.com\/es\/experiencia-gastronomica-en-roses\/#primaryimage\"},\"image\":{\"@id\":\"https:\/\/restaurantsumac.com\/es\/experiencia-gastronomica-en-roses\/#primaryimage\"},\"thumbnailUrl\":\"https:\/\/restaurantsumac.com\/wp-content\/uploads\/2023\/04\/banner-equip.jpg\",\"datePublished\":\"2023-04-28T06:39:16+00:00\",\"dateModified\":\"2025-06-16T08:36:36+00:00\",\"description\":\"Descubre la mejor experiencia gastron\u00f3mica en Roses. Sumac te invita a disfrutar de sabores sofisticados y creaciones excepcionales.\",\"breadcrumb\":{\"@id\":\"https:\/\/restaurantsumac.com\/es\/experiencia-gastronomica-en-roses\/#breadcrumb\"},\"inLanguage\":\"es\",\"potentialAction\":[{\"@type\":\"ReadAction\",\"target\":[\"https:\/\/restaurantsumac.com\/es\/experiencia-gastronomica-en-roses\/\"]}]},{\"@type\":\"ImageObject\",\"inLanguage\":\"es\",\"@id\":\"https:\/\/restaurantsumac.com\/es\/experiencia-gastronomica-en-roses\/#primaryimage\",\"url\":\"https:\/\/restaurantsumac.com\/wp-content\/uploads\/2023\/04\/banner-equip.jpg\",\"contentUrl\":\"https:\/\/restaurantsumac.com\/wp-content\/uploads\/2023\/04\/banner-equip.jpg\",\"width\":1824,\"height\":1216,\"caption\":\"Jordi Dalmau - restaurant sumac Roses\"},{\"@type\":\"BreadcrumbList\",\"@id\":\"https:\/\/restaurantsumac.com\/es\/experiencia-gastronomica-en-roses\/#breadcrumb\",\"itemListElement\":[{\"@type\":\"ListItem\",\"position\":1,\"name\":\"Inici\",\"item\":\"https:\/\/restaurantsumac.com\/es\/\"},{\"@type\":\"ListItem\",\"position\":2,\"name\":\"Vale regalo\"}]},{\"@type\":\"WebSite\",\"@id\":\"https:\/\/restaurantsumac.com\/es\/#website\",\"url\":\"https:\/\/restaurantsumac.com\/es\/\",\"name\":\"Sumac\",\"description\":\"Restaurant Roses\",\"publisher\":{\"@id\":\"https:\/\/restaurantsumac.com\/es\/#organization\"},\"potentialAction\":[{\"@type\":\"SearchAction\",\"target\":{\"@type\":\"EntryPoint\",\"urlTemplate\":\"https:\/\/restaurantsumac.com\/es\/?s={search_term_string}\"},\"query-input\":{\"@type\":\"PropertyValueSpecification\",\"valueRequired\":true,\"valueName\":\"search_term_string\"}}],\"inLanguage\":\"es\"},{\"@type\":\"Organization\",\"@id\":\"https:\/\/restaurantsumac.com\/es\/#organization\",\"name\":\"Restaurant Sumac Roses\",\"url\":\"https:\/\/restaurantsumac.com\/es\/\",\"logo\":{\"@type\":\"ImageObject\",\"inLanguage\":\"es\",\"@id\":\"https:\/\/restaurantsumac.com\/es\/#\/schema\/logo\/image\/\",\"url\":\"https:\/\/restaurantsumac.com\/wp-content\/uploads\/2023\/03\/logo-web.png\",\"contentUrl\":\"https:\/\/restaurantsumac.com\/wp-content\/uploads\/2023\/03\/logo-web.png\",\"width\":250,\"height\":67,\"caption\":\"Restaurant Sumac Roses\"},\"image\":{\"@id\":\"https:\/\/restaurantsumac.com\/es\/#\/schema\/logo\/image\/\"}}]}<\/script>\n<!-- \/ Yoast SEO plugin. -->","yoast_head_json":{"title":"Vale regalo - Sumac","description":"Descubre la mejor experiencia gastron\u00f3mica en Roses. Sumac te invita a disfrutar de sabores sofisticados y creaciones excepcionales.","robots":{"index":"index","follow":"follow","max-snippet":"max-snippet:-1","max-image-preview":"max-image-preview:large","max-video-preview":"max-video-preview:-1"},"canonical":"https:\/\/restaurantsumac.com\/es\/experiencia-gastronomica-en-roses\/","og_locale":"es_ES","og_type":"article","og_title":"Vale regalo - Sumac","og_description":"Descubre la mejor experiencia gastron\u00f3mica en Roses. Sumac te invita a disfrutar de sabores sofisticados y creaciones excepcionales.","og_url":"https:\/\/restaurantsumac.com\/es\/experiencia-gastronomica-en-roses\/","og_site_name":"Sumac","article_modified_time":"2025-06-16T08:36:36+00:00","og_image":[{"width":1824,"height":1216,"url":"https:\/\/restaurantsumac.com\/wp-content\/uploads\/2023\/04\/banner-equip.jpg","type":"image\/jpeg"}],"twitter_card":"summary_large_image","twitter_misc":{"Tiempo de lectura":"2 minutos"},"schema":{"@context":"https:\/\/schema.org","@graph":[{"@type":"WebPage","@id":"https:\/\/restaurantsumac.com\/es\/experiencia-gastronomica-en-roses\/","url":"https:\/\/restaurantsumac.com\/es\/experiencia-gastronomica-en-roses\/","name":"Vale regalo - Sumac","isPartOf":{"@id":"https:\/\/restaurantsumac.com\/es\/#website"},"primaryImageOfPage":{"@id":"https:\/\/restaurantsumac.com\/es\/experiencia-gastronomica-en-roses\/#primaryimage"},"image":{"@id":"https:\/\/restaurantsumac.com\/es\/experiencia-gastronomica-en-roses\/#primaryimage"},"thumbnailUrl":"https:\/\/restaurantsumac.com\/wp-content\/uploads\/2023\/04\/banner-equip.jpg","datePublished":"2023-04-28T06:39:16+00:00","dateModified":"2025-06-16T08:36:36+00:00","description":"Descubre la mejor experiencia gastron\u00f3mica en Roses. Sumac te invita a disfrutar de sabores sofisticados y creaciones excepcionales.","breadcrumb":{"@id":"https:\/\/restaurantsumac.com\/es\/experiencia-gastronomica-en-roses\/#breadcrumb"},"inLanguage":"es","potentialAction":[{"@type":"ReadAction","target":["https:\/\/restaurantsumac.com\/es\/experiencia-gastronomica-en-roses\/"]}]},{"@type":"ImageObject","inLanguage":"es","@id":"https:\/\/restaurantsumac.com\/es\/experiencia-gastronomica-en-roses\/#primaryimage","url":"https:\/\/restaurantsumac.com\/wp-content\/uploads\/2023\/04\/banner-equip.jpg","contentUrl":"https:\/\/restaurantsumac.com\/wp-content\/uploads\/2023\/04\/banner-equip.jpg","width":1824,"height":1216,"caption":"Jordi Dalmau - restaurant sumac Roses"},{"@type":"BreadcrumbList","@id":"https:\/\/restaurantsumac.com\/es\/experiencia-gastronomica-en-roses\/#breadcrumb","itemListElement":[{"@type":"ListItem","position":1,"name":"Inici","item":"https:\/\/restaurantsumac.com\/es\/"},{"@type":"ListItem","position":2,"name":"Vale regalo"}]},{"@type":"WebSite","@id":"https:\/\/restaurantsumac.com\/es\/#website","url":"https:\/\/restaurantsumac.com\/es\/","name":"Sumac","description":"Restaurant Roses","publisher":{"@id":"https:\/\/restaurantsumac.com\/es\/#organization"},"potentialAction":[{"@type":"SearchAction","target":{"@type":"EntryPoint","urlTemplate":"https:\/\/restaurantsumac.com\/es\/?s={search_term_string}"},"query-input":{"@type":"PropertyValueSpecification","valueRequired":true,"valueName":"search_term_string"}}],"inLanguage":"es"},{"@type":"Organization","@id":"https:\/\/restaurantsumac.com\/es\/#organization","name":"Restaurant Sumac Roses","url":"https:\/\/restaurantsumac.com\/es\/","logo":{"@type":"ImageObject","inLanguage":"es","@id":"https:\/\/restaurantsumac.com\/es\/#\/schema\/logo\/image\/","url":"https:\/\/restaurantsumac.com\/wp-content\/uploads\/2023\/03\/logo-web.png","contentUrl":"https:\/\/restaurantsumac.com\/wp-content\/uploads\/2023\/03\/logo-web.png","width":250,"height":67,"caption":"Restaurant Sumac Roses"},"image":{"@id":"https:\/\/restaurantsumac.com\/es\/#\/schema\/logo\/image\/"}}]}},"_links":{"self":[{"href":"https:\/\/restaurantsumac.com\/es\/wp-json\/wp\/v2\/pages\/11292","targetHints":{"allow":["GET"]}}],"collection":[{"href":"https:\/\/restaurantsumac.com\/es\/wp-json\/wp\/v2\/pages"}],"about":[{"href":"https:\/\/restaurantsumac.com\/es\/wp-json\/wp\/v2\/types\/page"}],"author":[{"embeddable":true,"href":"https:\/\/restaurantsumac.com\/es\/wp-json\/wp\/v2\/users\/1"}],"replies":[{"embeddable":true,"href":"https:\/\/restaurantsumac.com\/es\/wp-json\/wp\/v2\/comments?post=11292"}],"version-history":[{"count":86,"href":"https:\/\/restaurantsumac.com\/es\/wp-json\/wp\/v2\/pages\/11292\/revisions"}],"predecessor-version":[{"id":19547,"href":"https:\/\/restaurantsumac.com\/es\/wp-json\/wp\/v2\/pages\/11292\/revisions\/19547"}],"wp:featuredmedia":[{"embeddable":true,"href":"https:\/\/restaurantsumac.com\/es\/wp-json\/wp\/v2\/media\/11151"}],"wp:attachment":[{"href":"https:\/\/restaurantsumac.com\/es\/wp-json\/wp\/v2\/media?parent=11292"}],"curies":[{"name":"wp","href":"https:\/\/api.w.org\/{rel}","templated":true}]}}