{"id":11294,"date":"2023-04-20T11:03:34","date_gmt":"2023-04-20T09:03:34","guid":{"rendered":"https:\/\/restaurantsumac.com\/sumac-menu-autor\/"},"modified":"2025-06-14T07:08:22","modified_gmt":"2025-06-14T05:08:22","slug":"sumac-menu-autor","status":"publish","type":"page","link":"https:\/\/restaurantsumac.com\/es\/sumac-menu-autor\/","title":{"rendered":"Sumac &#8211; El men\u00fa d&#8217;autor"},"content":{"rendered":"\t\t<div data-elementor-type=\"wp-page\" data-elementor-id=\"11294\" class=\"elementor elementor-11294 elementor-9968\">\n\t\t\t\t\t\t<section class=\"elementor-section elementor-top-section elementor-element elementor-element-d519d37 elementor-section-boxed elementor-section-height-default elementor-section-height-default qodef-elementor-content-no qodef-elementor-column-no\" data-id=\"d519d37\" data-element_type=\"section\" data-settings=\"{&quot;background_background&quot;:&quot;classic&quot;}\">\n\t\t\t\t\t\t<div class=\"elementor-container elementor-column-gap-default\">\n\t\t\t\t\t<div class=\"elementor-column elementor-col-33 elementor-top-column elementor-element elementor-element-a0e3a41\" data-id=\"a0e3a41\" data-element_type=\"column\">\n\t\t\t<div class=\"elementor-widget-wrap elementor-element-populated\">\n\t\t\t\t\t\t<div class=\"elementor-element elementor-element-baaee77 elementor-widget elementor-widget-heading\" data-id=\"baaee77\" data-element_type=\"widget\" data-widget_type=\"heading.default\">\n\t\t\t\t<div class=\"elementor-widget-container\">\n\t\t\t\t\t<h1 class=\"elementor-heading-title elementor-size-default\">men\u00fa de autor<\/h1>\t\t\t\t<\/div>\n\t\t\t\t<\/div>\n\t\t\t\t\t<\/div>\n\t\t<\/div>\n\t\t\t\t<div class=\"elementor-column elementor-col-66 elementor-top-column elementor-element elementor-element-359f9b3\" data-id=\"359f9b3\" data-element_type=\"column\">\n\t\t\t<div class=\"elementor-widget-wrap\">\n\t\t\t\t\t\t\t<\/div>\n\t\t<\/div>\n\t\t\t\t\t<\/div>\n\t\t<\/section>\n\t\t\t\t<section class=\"elementor-section elementor-top-section elementor-element elementor-element-c570fd7 elementor-section-boxed elementor-section-height-default elementor-section-height-default qodef-elementor-content-no qodef-elementor-column-no\" data-id=\"c570fd7\" data-element_type=\"section\">\n\t\t\t\t\t\t<div class=\"elementor-container elementor-column-gap-default\">\n\t\t\t\t\t<div class=\"elementor-column elementor-col-33 elementor-top-column elementor-element elementor-element-1421240\" data-id=\"1421240\" data-element_type=\"column\">\n\t\t\t<div class=\"elementor-widget-wrap elementor-element-populated\">\n\t\t\t\t\t\t\t<\/div>\n\t\t<\/div>\n\t\t\t\t<div class=\"elementor-column elementor-col-66 elementor-top-column elementor-element elementor-element-d8af93f\" data-id=\"d8af93f\" data-element_type=\"column\">\n\t\t\t<div class=\"elementor-widget-wrap elementor-element-populated\">\n\t\t\t\t\t\t<div class=\"elementor-element elementor-element-73ebbf4 elementor-widget-divider--view-line elementor-widget elementor-widget-divider\" data-id=\"73ebbf4\" data-element_type=\"widget\" data-widget_type=\"divider.default\">\n\t\t\t\t<div class=\"elementor-widget-container\">\n\t\t\t\t\t\t\t<div class=\"elementor-divider\">\n\t\t\t<span class=\"elementor-divider-separator\">\n\t\t\t\t\t\t<\/span>\n\t\t<\/div>\n\t\t\t\t\t\t<\/div>\n\t\t\t\t<\/div>\n\t\t\t\t<div class=\"elementor-element elementor-element-9c4afae elementor-widget elementor-widget-text-editor\" data-id=\"9c4afae\" data-element_type=\"widget\" data-widget_type=\"text-editor.default\">\n\t\t\t\t<div class=\"elementor-widget-container\">\n\t\t\t\t\t\t\t\t\t<p><b>NUESTROS APERITIVOS DEL DIA<\/b><\/p><p><em>(para compartir)<\/em><\/p>\t\t\t\t\t\t\t\t<\/div>\n\t\t\t\t<\/div>\n\t\t\t\t\t<\/div>\n\t\t<\/div>\n\t\t\t\t\t<\/div>\n\t\t<\/section>\n\t\t\t\t<section class=\"elementor-section elementor-top-section elementor-element elementor-element-2b15718 elementor-section-boxed elementor-section-height-default elementor-section-height-default qodef-elementor-content-no qodef-elementor-column-no\" data-id=\"2b15718\" data-element_type=\"section\">\n\t\t\t\t\t\t<div class=\"elementor-container elementor-column-gap-default\">\n\t\t\t\t\t<div class=\"elementor-column elementor-col-33 elementor-top-column elementor-element elementor-element-00c0768\" data-id=\"00c0768\" data-element_type=\"column\">\n\t\t\t<div class=\"elementor-widget-wrap elementor-element-populated\">\n\t\t\t\t\t\t<div class=\"elementor-element elementor-element-3c89fe2 elementor-widget elementor-widget-heading\" data-id=\"3c89fe2\" data-element_type=\"widget\" data-widget_type=\"heading.default\">\n\t\t\t\t<div class=\"elementor-widget-container\">\n\t\t\t\t\t<h3 class=\"elementor-heading-title elementor-size-default\">LA TAPA<\/h3>\t\t\t\t<\/div>\n\t\t\t\t<\/div>\n\t\t\t\t\t<\/div>\n\t\t<\/div>\n\t\t\t\t<div class=\"elementor-column elementor-col-66 elementor-top-column elementor-element elementor-element-e92c57a\" data-id=\"e92c57a\" data-element_type=\"column\">\n\t\t\t<div class=\"elementor-widget-wrap elementor-element-populated\">\n\t\t\t\t\t\t<div class=\"elementor-element elementor-element-b84d673 elementor-widget-divider--view-line elementor-widget elementor-widget-divider\" data-id=\"b84d673\" data-element_type=\"widget\" data-widget_type=\"divider.default\">\n\t\t\t\t<div class=\"elementor-widget-container\">\n\t\t\t\t\t\t\t<div class=\"elementor-divider\">\n\t\t\t<span class=\"elementor-divider-separator\">\n\t\t\t\t\t\t<\/span>\n\t\t<\/div>\n\t\t\t\t\t\t<\/div>\n\t\t\t\t<\/div>\n\t\t\t\t<div class=\"elementor-element elementor-element-0c38892 elementor-widget elementor-widget-text-editor\" data-id=\"0c38892\" data-element_type=\"widget\" data-widget_type=\"text-editor.default\">\n\t\t\t\t<div class=\"elementor-widget-container\">\n\t\t\t\t\t\t\t\t\t<p>&#8212;<\/p>\t\t\t\t\t\t\t\t<\/div>\n\t\t\t\t<\/div>\n\t\t\t\t\t<\/div>\n\t\t<\/div>\n\t\t\t\t\t<\/div>\n\t\t<\/section>\n\t\t\t\t<section class=\"elementor-section elementor-top-section elementor-element elementor-element-3f49a44 elementor-section-boxed elementor-section-height-default elementor-section-height-default qodef-elementor-content-no qodef-elementor-column-no\" data-id=\"3f49a44\" data-element_type=\"section\">\n\t\t\t\t\t\t<div class=\"elementor-container elementor-column-gap-default\">\n\t\t\t\t\t<div class=\"elementor-column elementor-col-33 elementor-top-column elementor-element elementor-element-1f525e2\" data-id=\"1f525e2\" data-element_type=\"column\">\n\t\t\t<div class=\"elementor-widget-wrap elementor-element-populated\">\n\t\t\t\t\t\t<div class=\"elementor-element elementor-element-291ee01 elementor-widget elementor-widget-heading\" data-id=\"291ee01\" data-element_type=\"widget\" data-widget_type=\"heading.default\">\n\t\t\t\t<div class=\"elementor-widget-container\">\n\t\t\t\t\t<h3 class=\"elementor-heading-title elementor-size-default\">PLATO PRINCIPAL<\/h3>\t\t\t\t<\/div>\n\t\t\t\t<\/div>\n\t\t\t\t\t<\/div>\n\t\t<\/div>\n\t\t\t\t<div class=\"elementor-column elementor-col-66 elementor-top-column elementor-element elementor-element-8516d16\" data-id=\"8516d16\" data-element_type=\"column\">\n\t\t\t<div class=\"elementor-widget-wrap elementor-element-populated\">\n\t\t\t\t\t\t<div class=\"elementor-element elementor-element-2dc7970 elementor-widget-divider--view-line elementor-widget elementor-widget-divider\" data-id=\"2dc7970\" data-element_type=\"widget\" data-widget_type=\"divider.default\">\n\t\t\t\t<div class=\"elementor-widget-container\">\n\t\t\t\t\t\t\t<div class=\"elementor-divider\">\n\t\t\t<span class=\"elementor-divider-separator\">\n\t\t\t\t\t\t<\/span>\n\t\t<\/div>\n\t\t\t\t\t\t<\/div>\n\t\t\t\t<\/div>\n\t\t\t\t<div class=\"elementor-element elementor-element-1192e57 elementor-widget elementor-widget-text-editor\" data-id=\"1192e57\" data-element_type=\"widget\" data-widget_type=\"text-editor.default\">\n\t\t\t\t<div class=\"elementor-widget-container\">\n\t\t\t\t\t\t\t\t\t<p>&#8212;<\/p>\t\t\t\t\t\t\t\t<\/div>\n\t\t\t\t<\/div>\n\t\t\t\t\t<\/div>\n\t\t<\/div>\n\t\t\t\t\t<\/div>\n\t\t<\/section>\n\t\t\t\t<section class=\"elementor-section elementor-top-section elementor-element elementor-element-e38dca9 elementor-section-boxed elementor-section-height-default elementor-section-height-default qodef-elementor-content-no qodef-elementor-column-no\" data-id=\"e38dca9\" data-element_type=\"section\">\n\t\t\t\t\t\t<div class=\"elementor-container elementor-column-gap-default\">\n\t\t\t\t\t<div class=\"elementor-column elementor-col-33 elementor-top-column elementor-element elementor-element-168a121\" data-id=\"168a121\" data-element_type=\"column\">\n\t\t\t<div class=\"elementor-widget-wrap elementor-element-populated\">\n\t\t\t\t\t\t<div class=\"elementor-element elementor-element-d765ea4 elementor-widget elementor-widget-heading\" data-id=\"d765ea4\" data-element_type=\"widget\" data-widget_type=\"heading.default\">\n\t\t\t\t<div class=\"elementor-widget-container\">\n\t\t\t\t\t<h3 class=\"elementor-heading-title elementor-size-default\">LOS POSTRES<\/h3>\t\t\t\t<\/div>\n\t\t\t\t<\/div>\n\t\t\t\t\t<\/div>\n\t\t<\/div>\n\t\t\t\t<div class=\"elementor-column elementor-col-66 elementor-top-column elementor-element elementor-element-e3dce44\" data-id=\"e3dce44\" data-element_type=\"column\">\n\t\t\t<div class=\"elementor-widget-wrap elementor-element-populated\">\n\t\t\t\t\t\t<div class=\"elementor-element elementor-element-b5ceba2 elementor-widget-divider--view-line elementor-widget elementor-widget-divider\" data-id=\"b5ceba2\" data-element_type=\"widget\" data-widget_type=\"divider.default\">\n\t\t\t\t<div class=\"elementor-widget-container\">\n\t\t\t\t\t\t\t<div class=\"elementor-divider\">\n\t\t\t<span class=\"elementor-divider-separator\">\n\t\t\t\t\t\t<\/span>\n\t\t<\/div>\n\t\t\t\t\t\t<\/div>\n\t\t\t\t<\/div>\n\t\t\t\t<div class=\"elementor-element elementor-element-3220d68 elementor-widget elementor-widget-text-editor\" data-id=\"3220d68\" data-element_type=\"widget\" data-widget_type=\"text-editor.default\">\n\t\t\t\t<div class=\"elementor-widget-container\">\n\t\t\t\t\t\t\t\t\t<p>&#8212;<\/p>\t\t\t\t\t\t\t\t<\/div>\n\t\t\t\t<\/div>\n\t\t\t\t<div class=\"elementor-element elementor-element-33ef0c2 elementor-widget-divider--view-line elementor-widget elementor-widget-divider\" data-id=\"33ef0c2\" data-element_type=\"widget\" data-widget_type=\"divider.default\">\n\t\t\t\t<div class=\"elementor-widget-container\">\n\t\t\t\t\t\t\t<div class=\"elementor-divider\">\n\t\t\t<span class=\"elementor-divider-separator\">\n\t\t\t\t\t\t<\/span>\n\t\t<\/div>\n\t\t\t\t\t\t<\/div>\n\t\t\t\t<\/div>\n\t\t\t\t<div class=\"elementor-element elementor-element-06d2d86 elementor-widget elementor-widget-text-editor\" data-id=\"06d2d86\" data-element_type=\"widget\" data-widget_type=\"text-editor.default\">\n\t\t\t\t<div class=\"elementor-widget-container\">\n\t\t\t\t\t\t\t\t\t<p>\u00a0<\/p><p><em>Cualquier alergia o intolerancia, <\/em><em>comun\u00edquenlo a nuestro servicio.\u00a0<\/em><em>Tenemos a su disposici\u00f3n las <\/em><em>fichas t\u00e9cnicas de cada plato\u00a0<\/em><em>para alergias e intolerancias<\/em><\/p>\t\t\t\t\t\t\t\t<\/div>\n\t\t\t\t<\/div>\n\t\t\t\t\t<\/div>\n\t\t<\/div>\n\t\t\t\t\t<\/div>\n\t\t<\/section>\n\t\t\t\t<section class=\"elementor-section elementor-top-section elementor-element elementor-element-7f3a1f3 elementor-section-boxed elementor-section-height-default elementor-section-height-default qodef-elementor-content-no qodef-elementor-column-no\" data-id=\"7f3a1f3\" data-element_type=\"section\">\n\t\t\t\t\t\t<div class=\"elementor-container elementor-column-gap-default\">\n\t\t\t\t\t<div class=\"elementor-column elementor-col-33 elementor-top-column elementor-element elementor-element-55d3a4a\" data-id=\"55d3a4a\" data-element_type=\"column\">\n\t\t\t<div class=\"elementor-widget-wrap\">\n\t\t\t\t\t\t\t<\/div>\n\t\t<\/div>\n\t\t\t\t<div class=\"elementor-column elementor-col-66 elementor-top-column elementor-element elementor-element-9f903a6\" data-id=\"9f903a6\" data-element_type=\"column\">\n\t\t\t<div class=\"elementor-widget-wrap elementor-element-populated\">\n\t\t\t\t\t\t<section class=\"elementor-section elementor-inner-section elementor-element elementor-element-003463a elementor-section-full_width elementor-section-height-default elementor-section-height-default qodef-elementor-content-no qodef-elementor-column-no\" data-id=\"003463a\" data-element_type=\"section\" data-settings=\"{&quot;background_background&quot;:&quot;classic&quot;}\">\n\t\t\t\t\t\t<div class=\"elementor-container elementor-column-gap-custom\">\n\t\t\t\t\t<div class=\"elementor-column elementor-col-50 elementor-inner-column elementor-element elementor-element-a91ae9b\" data-id=\"a91ae9b\" data-element_type=\"column\" data-settings=\"{&quot;background_background&quot;:&quot;classic&quot;}\">\n\t\t\t<div class=\"elementor-widget-wrap elementor-element-populated\">\n\t\t\t\t\t\t<div class=\"elementor-element elementor-element-01e4555 elementor-widget elementor-widget-heading\" data-id=\"01e4555\" data-element_type=\"widget\" data-widget_type=\"heading.default\">\n\t\t\t\t<div class=\"elementor-widget-container\">\n\t\t\t\t\t<h4 class=\"elementor-heading-title elementor-size-default\"><a href=\"https:\/\/restaurantsumac.com\/es\/la-carta\/\">la carta<\/a><\/h4>\t\t\t\t<\/div>\n\t\t\t\t<\/div>\n\t\t\t\t\t<\/div>\n\t\t<\/div>\n\t\t\t\t<div class=\"elementor-column elementor-col-50 elementor-inner-column elementor-element elementor-element-645f999\" data-id=\"645f999\" data-element_type=\"column\" data-settings=\"{&quot;background_background&quot;:&quot;classic&quot;}\">\n\t\t\t<div class=\"elementor-widget-wrap elementor-element-populated\">\n\t\t\t\t\t\t<div class=\"elementor-element elementor-element-0622b4c elementor-widget elementor-widget-heading\" data-id=\"0622b4c\" data-element_type=\"widget\" data-widget_type=\"heading.default\">\n\t\t\t\t<div class=\"elementor-widget-container\">\n\t\t\t\t\t<h4 class=\"elementor-heading-title elementor-size-default\"><a href=\"https:\/\/restaurantsumac.com\/es\/la-bodega\/\">nuestra bodega<\/a><\/h4>\t\t\t\t<\/div>\n\t\t\t\t<\/div>\n\t\t\t\t\t<\/div>\n\t\t<\/div>\n\t\t\t\t\t<\/div>\n\t\t<\/section>\n\t\t\t\t\t<\/div>\n\t\t<\/div>\n\t\t\t\t\t<\/div>\n\t\t<\/section>\n\t\t\t\t<\/div>\n\t\t","protected":false},"excerpt":{"rendered":"<p>men\u00fa de autor NUESTROS APERITIVOS DEL DIA (para compartir) LA TAPA &#8212; PLATO PRINCIPAL &#8212; LOS POSTRES &#8212; \u00a0 Cualquier alergia o intolerancia, comun\u00edquenlo a nuestro servicio.\u00a0Tenemos a su disposici\u00f3n las fichas t\u00e9cnicas de cada plato\u00a0para alergias e intolerancias la carta nuestra bodega<\/p>\n","protected":false},"author":1,"featured_media":0,"parent":0,"menu_order":0,"comment_status":"closed","ping_status":"closed","template":"page-full-width.php","meta":{"footnotes":""},"class_list":["post-11294","page","type-page","status-publish","hentry"],"yoast_head":"<!-- This site is optimized with the Yoast SEO plugin v25.9 - https:\/\/yoast.com\/wordpress\/plugins\/seo\/ -->\n<title>Sumac - El men\u00fa d&#039;autor - Sumac<\/title>\n<meta name=\"description\" content=\"Vine al Restaurant Sumac de Roses i assaboreix l&#039;emoci\u00f3 dels nostres plats, on els sabors es converteixen en experi\u00e8ncies inoblidables.\" \/>\n<meta name=\"robots\" content=\"index, follow, max-snippet:-1, max-image-preview:large, max-video-preview:-1\" \/>\n<link rel=\"canonical\" href=\"https:\/\/restaurantsumac.com\/es\/sumac-menu-autor\/\" \/>\n<meta property=\"og:locale\" content=\"es_ES\" \/>\n<meta property=\"og:type\" content=\"article\" \/>\n<meta property=\"og:title\" content=\"Sumac - El men\u00fa d&#039;autor - Sumac\" \/>\n<meta property=\"og:description\" content=\"Vine al Restaurant Sumac de Roses i assaboreix l&#039;emoci\u00f3 dels nostres plats, on els sabors es converteixen en experi\u00e8ncies inoblidables.\" \/>\n<meta property=\"og:url\" content=\"https:\/\/restaurantsumac.com\/es\/sumac-menu-autor\/\" \/>\n<meta property=\"og:site_name\" content=\"Sumac\" \/>\n<meta property=\"article:modified_time\" content=\"2025-06-14T05:08:22+00:00\" \/>\n<meta name=\"twitter:card\" content=\"summary_large_image\" \/>\n<meta name=\"twitter:label1\" content=\"Tiempo de lectura\" \/>\n\t<meta name=\"twitter:data1\" content=\"1 minuto\" \/>\n<script type=\"application\/ld+json\" class=\"yoast-schema-graph\">{\"@context\":\"https:\/\/schema.org\",\"@graph\":[{\"@type\":\"WebPage\",\"@id\":\"https:\/\/restaurantsumac.com\/es\/sumac-menu-autor\/\",\"url\":\"https:\/\/restaurantsumac.com\/es\/sumac-menu-autor\/\",\"name\":\"Sumac - El men\u00fa d'autor - Sumac\",\"isPartOf\":{\"@id\":\"https:\/\/restaurantsumac.com\/es\/#website\"},\"datePublished\":\"2023-04-20T09:03:34+00:00\",\"dateModified\":\"2025-06-14T05:08:22+00:00\",\"description\":\"Vine al Restaurant Sumac de Roses i assaboreix l'emoci\u00f3 dels nostres plats, on els sabors es converteixen en experi\u00e8ncies inoblidables.\",\"breadcrumb\":{\"@id\":\"https:\/\/restaurantsumac.com\/es\/sumac-menu-autor\/#breadcrumb\"},\"inLanguage\":\"es\",\"potentialAction\":[{\"@type\":\"ReadAction\",\"target\":[\"https:\/\/restaurantsumac.com\/es\/sumac-menu-autor\/\"]}]},{\"@type\":\"BreadcrumbList\",\"@id\":\"https:\/\/restaurantsumac.com\/es\/sumac-menu-autor\/#breadcrumb\",\"itemListElement\":[{\"@type\":\"ListItem\",\"position\":1,\"name\":\"Inici\",\"item\":\"https:\/\/restaurantsumac.com\/es\/\"},{\"@type\":\"ListItem\",\"position\":2,\"name\":\"Sumac &#8211; El men\u00fa d&#8217;autor\"}]},{\"@type\":\"WebSite\",\"@id\":\"https:\/\/restaurantsumac.com\/es\/#website\",\"url\":\"https:\/\/restaurantsumac.com\/es\/\",\"name\":\"Sumac\",\"description\":\"Restaurant Roses\",\"publisher\":{\"@id\":\"https:\/\/restaurantsumac.com\/es\/#organization\"},\"potentialAction\":[{\"@type\":\"SearchAction\",\"target\":{\"@type\":\"EntryPoint\",\"urlTemplate\":\"https:\/\/restaurantsumac.com\/es\/?s={search_term_string}\"},\"query-input\":{\"@type\":\"PropertyValueSpecification\",\"valueRequired\":true,\"valueName\":\"search_term_string\"}}],\"inLanguage\":\"es\"},{\"@type\":\"Organization\",\"@id\":\"https:\/\/restaurantsumac.com\/es\/#organization\",\"name\":\"Restaurant Sumac Roses\",\"url\":\"https:\/\/restaurantsumac.com\/es\/\",\"logo\":{\"@type\":\"ImageObject\",\"inLanguage\":\"es\",\"@id\":\"https:\/\/restaurantsumac.com\/es\/#\/schema\/logo\/image\/\",\"url\":\"https:\/\/restaurantsumac.com\/wp-content\/uploads\/2023\/03\/logo-web.png\",\"contentUrl\":\"https:\/\/restaurantsumac.com\/wp-content\/uploads\/2023\/03\/logo-web.png\",\"width\":250,\"height\":67,\"caption\":\"Restaurant Sumac Roses\"},\"image\":{\"@id\":\"https:\/\/restaurantsumac.com\/es\/#\/schema\/logo\/image\/\"}}]}<\/script>\n<!-- \/ Yoast SEO plugin. -->","yoast_head_json":{"title":"Sumac - El men\u00fa d'autor - Sumac","description":"Vine al Restaurant Sumac de Roses i assaboreix l'emoci\u00f3 dels nostres plats, on els sabors es converteixen en experi\u00e8ncies inoblidables.","robots":{"index":"index","follow":"follow","max-snippet":"max-snippet:-1","max-image-preview":"max-image-preview:large","max-video-preview":"max-video-preview:-1"},"canonical":"https:\/\/restaurantsumac.com\/es\/sumac-menu-autor\/","og_locale":"es_ES","og_type":"article","og_title":"Sumac - El men\u00fa d'autor - Sumac","og_description":"Vine al Restaurant Sumac de Roses i assaboreix l'emoci\u00f3 dels nostres plats, on els sabors es converteixen en experi\u00e8ncies inoblidables.","og_url":"https:\/\/restaurantsumac.com\/es\/sumac-menu-autor\/","og_site_name":"Sumac","article_modified_time":"2025-06-14T05:08:22+00:00","twitter_card":"summary_large_image","twitter_misc":{"Tiempo de lectura":"1 minuto"},"schema":{"@context":"https:\/\/schema.org","@graph":[{"@type":"WebPage","@id":"https:\/\/restaurantsumac.com\/es\/sumac-menu-autor\/","url":"https:\/\/restaurantsumac.com\/es\/sumac-menu-autor\/","name":"Sumac - El men\u00fa d'autor - Sumac","isPartOf":{"@id":"https:\/\/restaurantsumac.com\/es\/#website"},"datePublished":"2023-04-20T09:03:34+00:00","dateModified":"2025-06-14T05:08:22+00:00","description":"Vine al Restaurant Sumac de Roses i assaboreix l'emoci\u00f3 dels nostres plats, on els sabors es converteixen en experi\u00e8ncies inoblidables.","breadcrumb":{"@id":"https:\/\/restaurantsumac.com\/es\/sumac-menu-autor\/#breadcrumb"},"inLanguage":"es","potentialAction":[{"@type":"ReadAction","target":["https:\/\/restaurantsumac.com\/es\/sumac-menu-autor\/"]}]},{"@type":"BreadcrumbList","@id":"https:\/\/restaurantsumac.com\/es\/sumac-menu-autor\/#breadcrumb","itemListElement":[{"@type":"ListItem","position":1,"name":"Inici","item":"https:\/\/restaurantsumac.com\/es\/"},{"@type":"ListItem","position":2,"name":"Sumac &#8211; El men\u00fa d&#8217;autor"}]},{"@type":"WebSite","@id":"https:\/\/restaurantsumac.com\/es\/#website","url":"https:\/\/restaurantsumac.com\/es\/","name":"Sumac","description":"Restaurant Roses","publisher":{"@id":"https:\/\/restaurantsumac.com\/es\/#organization"},"potentialAction":[{"@type":"SearchAction","target":{"@type":"EntryPoint","urlTemplate":"https:\/\/restaurantsumac.com\/es\/?s={search_term_string}"},"query-input":{"@type":"PropertyValueSpecification","valueRequired":true,"valueName":"search_term_string"}}],"inLanguage":"es"},{"@type":"Organization","@id":"https:\/\/restaurantsumac.com\/es\/#organization","name":"Restaurant Sumac Roses","url":"https:\/\/restaurantsumac.com\/es\/","logo":{"@type":"ImageObject","inLanguage":"es","@id":"https:\/\/restaurantsumac.com\/es\/#\/schema\/logo\/image\/","url":"https:\/\/restaurantsumac.com\/wp-content\/uploads\/2023\/03\/logo-web.png","contentUrl":"https:\/\/restaurantsumac.com\/wp-content\/uploads\/2023\/03\/logo-web.png","width":250,"height":67,"caption":"Restaurant Sumac Roses"},"image":{"@id":"https:\/\/restaurantsumac.com\/es\/#\/schema\/logo\/image\/"}}]}},"_links":{"self":[{"href":"https:\/\/restaurantsumac.com\/es\/wp-json\/wp\/v2\/pages\/11294","targetHints":{"allow":["GET"]}}],"collection":[{"href":"https:\/\/restaurantsumac.com\/es\/wp-json\/wp\/v2\/pages"}],"about":[{"href":"https:\/\/restaurantsumac.com\/es\/wp-json\/wp\/v2\/types\/page"}],"author":[{"embeddable":true,"href":"https:\/\/restaurantsumac.com\/es\/wp-json\/wp\/v2\/users\/1"}],"replies":[{"embeddable":true,"href":"https:\/\/restaurantsumac.com\/es\/wp-json\/wp\/v2\/comments?post=11294"}],"version-history":[{"count":284,"href":"https:\/\/restaurantsumac.com\/es\/wp-json\/wp\/v2\/pages\/11294\/revisions"}],"predecessor-version":[{"id":19514,"href":"https:\/\/restaurantsumac.com\/es\/wp-json\/wp\/v2\/pages\/11294\/revisions\/19514"}],"wp:attachment":[{"href":"https:\/\/restaurantsumac.com\/es\/wp-json\/wp\/v2\/media?parent=11294"}],"curies":[{"name":"wp","href":"https:\/\/api.w.org\/{rel}","templated":true}]}}