{"id":11538,"date":"2023-05-19T12:16:45","date_gmt":"2023-05-19T10:16:45","guid":{"rendered":"https:\/\/restaurantsumac.com\/com-arribar-sumac-roses\/"},"modified":"2023-06-23T06:22:34","modified_gmt":"2023-06-23T04:22:34","slug":"contact-sumac-roses","status":"publish","type":"page","link":"https:\/\/restaurantsumac.com\/fr\/contact-sumac-roses\/","title":{"rendered":"Contact"},"content":{"rendered":"\t\t<div data-elementor-type=\"wp-page\" data-elementor-id=\"11538\" class=\"elementor elementor-11538 elementor-11390\">\n\t\t\t\t\t\t<section class=\"elementor-section elementor-top-section elementor-element elementor-element-2b15718 elementor-section-full_width elementor-section-height-default elementor-section-height-default qodef-elementor-content-no qodef-elementor-column-no\" data-id=\"2b15718\" data-element_type=\"section\">\n\t\t\t\t\t\t<div class=\"elementor-container elementor-column-gap-default\">\n\t\t\t\t\t<div class=\"elementor-column elementor-col-33 elementor-top-column elementor-element elementor-element-00c0768\" data-id=\"00c0768\" data-element_type=\"column\">\n\t\t\t<div class=\"elementor-widget-wrap elementor-element-populated\">\n\t\t\t\t\t\t<div class=\"elementor-element elementor-element-3c89fe2 elementor-widget elementor-widget-heading\" data-id=\"3c89fe2\" data-element_type=\"widget\" data-widget_type=\"heading.default\">\n\t\t\t\t<div class=\"elementor-widget-container\">\n\t\t\t\t\t<h3 class=\"elementor-heading-title elementor-size-default\">Ecrivez nous!!<\/h3>\t\t\t\t<\/div>\n\t\t\t\t<\/div>\n\t\t\t\t<div class=\"elementor-element elementor-element-0c38892 elementor-widget elementor-widget-text-editor\" data-id=\"0c38892\" data-element_type=\"widget\" data-widget_type=\"text-editor.default\">\n\t\t\t\t<div class=\"elementor-widget-container\">\n\t\t\t\t\t\t\t\t\t<p style=\"text-align: left;\"><span style=\"font-weight: 400;\">Si vous souhaitez organiser un \u00e9v\u00eanement en particulier, contactez nous. <\/span><span style=\"font-weight: 400;\">Pour vos r\u00e9servations, \u00e9crivez nous, envoyez nous un whatsapp ou appelez nous.<\/span><\/p>\t\t\t\t\t\t\t\t<\/div>\n\t\t\t\t<\/div>\n\t\t\t\t<div class=\"elementor-element elementor-element-2d8b250 elementor-widget elementor-widget-qi_addons_for_elementor_contact_form_7\" data-id=\"2d8b250\" data-element_type=\"widget\" data-widget_type=\"qi_addons_for_elementor_contact_form_7.default\">\n\t\t\t\t<div class=\"elementor-widget-container\">\n\t\t\t\t\t<div class=\"qodef-shortcode qodef-m qodef-qi-contact-form-7\">\n\t\n<div class=\"wpcf7 no-js\" id=\"wpcf7-f11573-o1\" lang=\"fr-FR\" dir=\"ltr\" data-wpcf7-id=\"11573\">\n<div class=\"screen-reader-response\"><p role=\"status\" aria-live=\"polite\" aria-atomic=\"true\"><\/p> <ul><\/ul><\/div>\n<form action=\"\/fr\/wp-json\/wp\/v2\/pages\/11538#wpcf7-f11573-o1\" method=\"post\" class=\"wpcf7-form init\" aria-label=\"Formulaire de contact\" novalidate=\"novalidate\" data-status=\"init\">\n<fieldset class=\"hidden-fields-container\"><input type=\"hidden\" name=\"_wpcf7\" value=\"11573\" \/><input type=\"hidden\" name=\"_wpcf7_version\" value=\"6.1.1\" \/><input type=\"hidden\" name=\"_wpcf7_locale\" value=\"fr_FR\" \/><input type=\"hidden\" name=\"_wpcf7_unit_tag\" value=\"wpcf7-f11573-o1\" \/><input type=\"hidden\" name=\"_wpcf7_container_post\" value=\"0\" \/><input type=\"hidden\" name=\"_wpcf7_posted_data_hash\" value=\"\" \/><input type=\"hidden\" name=\"_wpcf7_recaptcha_response\" value=\"\" \/>\n<\/fieldset>\n<label> Nom et pr\u00e9nom:\n    <span class=\"wpcf7-form-control-wrap\" data-name=\"your-name\"><input size=\"40\" maxlength=\"400\" class=\"wpcf7-form-control wpcf7-text wpcf7-validates-as-required\" aria-required=\"true\" aria-invalid=\"false\" value=\"\" type=\"text\" name=\"your-name\" \/><\/span> <\/label>\n\n<label> Tel\u00e9phone:\n    <span class=\"wpcf7-form-control-wrap\" data-name=\"tel-90\"><input size=\"40\" maxlength=\"400\" class=\"wpcf7-form-control wpcf7-tel wpcf7-validates-as-required wpcf7-text wpcf7-validates-as-tel\" aria-required=\"true\" aria-invalid=\"false\" value=\"\" type=\"tel\" name=\"tel-90\" \/><\/span> <\/label>\n\n<label> Courriel:\n    <span class=\"wpcf7-form-control-wrap\" data-name=\"your-email\"><input size=\"40\" maxlength=\"400\" class=\"wpcf7-form-control wpcf7-email wpcf7-validates-as-required wpcf7-text wpcf7-validates-as-email\" aria-required=\"true\" aria-invalid=\"false\" value=\"\" type=\"email\" name=\"your-email\" \/><\/span> <\/label>\n\n\n<label>Message:\n    <span class=\"wpcf7-form-control-wrap\" data-name=\"your-message\"><textarea cols=\"40\" rows=\"10\" maxlength=\"2000\" class=\"wpcf7-form-control wpcf7-textarea wpcf7-validates-as-required\" aria-required=\"true\" aria-invalid=\"false\" name=\"your-message\"><\/textarea><\/span> <\/label>\n\n<br>\n<label> \n<span class=\"wpcf7-form-control-wrap\" data-name=\"acceptance-357\"><span class=\"wpcf7-form-control wpcf7-acceptance optional\"><span class=\"wpcf7-list-item\"><label><input type=\"checkbox\" name=\"acceptance-357\" value=\"1\" aria-invalid=\"false\" \/><span class=\"wpcf7-list-item-label\">En envoyant ce message vous acceptez notre politique de protection de donn\u00e9es.<\/span><\/label><\/span><\/span><\/span>\n<br>\n\n<label> \n[cf7ic]\n<\/label>\n<br>\n\n<button class=\"wpcf7-form-control wpcf7-submit qodef-button qodef-size--normal qodef-layout--filled qodef-m\" type=\"submit\"><span class=\"qodef-m-text\">Envoyer<\/span><\/button><input type='hidden' class='wpcf7-pum' value='{\"closepopup\":false,\"closedelay\":0,\"openpopup\":false,\"openpopup_id\":0}' \/><div class=\"wpcf7-response-output\" aria-hidden=\"true\"><\/div>\n<\/form>\n<\/div>\n<\/div>\n\t\t\t\t<\/div>\n\t\t\t\t<\/div>\n\t\t\t\t\t<\/div>\n\t\t<\/div>\n\t\t\t\t<div class=\"elementor-column elementor-col-66 elementor-top-column elementor-element elementor-element-e92c57a\" data-id=\"e92c57a\" data-element_type=\"column\">\n\t\t\t<div class=\"elementor-widget-wrap elementor-element-populated\">\n\t\t\t\t\t\t<div class=\"elementor-element elementor-element-a90f193 elementor-widget elementor-widget-text-editor\" data-id=\"a90f193\" data-element_type=\"widget\" data-widget_type=\"text-editor.default\">\n\t\t\t\t<div class=\"elementor-widget-container\">\n\t\t\t\t\t\t\t\t\t<div class=\"elementor-element elementor-element-87085cb elementor-widget elementor-widget-hiroshi_core_section_title\" style=\"flex-basis: var(--flex-basis); flex-grow: var(--flex-grow); flex-shrink: var(--flex-shrink); order: var(--order); align-self: var(--align-self); flex-direction: var(--flex-direction); flex-wrap: var(--flex-wrap); justify-content: var(--justify-content); align-items: var(--align-items); align-content: var(--align-content); gap: var(--gap); --swiper-theme-color: #000; --swiper-navigation-size: 44px; --swiper-pagination-bullet-size: 6px; --swiper-pagination-bullet-horizontal-gap: 6px; --widgets-spacing: 20px; width: 465.367px;\" data-id=\"87085cb\" data-element_type=\"widget\" data-widget_type=\"hiroshi_core_section_title.default\"><div class=\"elementor-widget-container\" style=\"margin-bottom: -10px; transition: background .3s,border .3s,border-radius .3s,box-shadow .3s,transform var(--e-transform-transition-duration,.4s);\"><div class=\"qodef-shortcode qodef-m qodef-section-title qodef-alignment--left \" style=\"width: 465.367px;\"><h6 class=\"qodef-m-title\" style=\"text-align: left;\">adresse<\/h6><\/div><\/div><\/div><div class=\"elementor-element elementor-element-3b53f69 elementor-widget elementor-widget-text-editor\" style=\"flex-basis: var(--flex-basis); flex-grow: var(--flex-grow); flex-shrink: var(--flex-shrink); order: var(--order); align-self: var(--align-self); flex-direction: var(--flex-direction); flex-wrap: var(--flex-wrap); justify-content: var(--justify-content); align-items: var(--align-items); align-content: var(--align-content); gap: var(--gap); --swiper-theme-color: #000; --swiper-navigation-size: 44px; --swiper-pagination-bullet-size: 6px; --swiper-pagination-bullet-horizontal-gap: 6px; --widgets-spacing: 20px; font-family: var( --e-global-typography-text-font-family ), Sans-serif; font-weight: var( --e-global-typography-text-font-weight ); width: 465.367px; line-height: 22px;\" data-id=\"3b53f69\" data-element_type=\"widget\" data-widget_type=\"text-editor.default\"><div class=\"elementor-widget-container\" style=\"transition: background .3s,border .3s,border-radius .3s,box-shadow .3s,transform var(--e-transform-transition-duration,.4s);\"><p style=\"background-color: #ffffff; text-align: start;\"><a style=\"background-image: linear-gradient(90deg, currentcolor 0px, currentcolor 100%); background-position: 100% var(--qodef-underline-position-y); background-size: 0 var(--qodef-underline-height); background-repeat: no-repeat; transition: background-size 0.5s cubic-bezier(0.25, 0.46, 0.35, 0.94) 0s, color 0.2s ease-out 0s; --qodef-underline-position-y: 100%; --qodef-underline-height: 1px;\" href=\"https:\/\/goo.gl\/maps\/vPq5tGaFBTrZrfGu7\" target=\"_blank\" rel=\"noopener\">C.del Cap Norfeu, 22 \u2013 Roses<\/a><\/p><p style=\"background-color: #ffffff; text-align: start;\"><a style=\"background-image: linear-gradient(90deg, currentcolor 0px, currentcolor 100%); background-position: 100% var(--qodef-underline-position-y); background-size: 0 var(--qodef-underline-height); background-repeat: no-repeat; transition: background-size 0.5s cubic-bezier(0.25, 0.46, 0.35, 0.94) 0s, color 0.2s ease-out 0s; --qodef-underline-position-y: 100%; --qodef-underline-height: 1px;\" href=\"tel:+34972154802\">972.154.802<\/a> | <a href=\"https:\/\/api.whatsapp.com\/send?phone=34673108589&amp;text=RESERVATAULA%20\" target=\"_blank\" rel=\"noopener\">W. 673.108.589<\/a><\/p><p style=\"background-color: #ffffff; text-align: start;\"><a style=\"background-image: linear-gradient(90deg, currentcolor 0px, currentcolor 100%); background-position: 100% var(--qodef-underline-position-y); background-size: 0 var(--qodef-underline-height); background-repeat: no-repeat; transition: background-size 0.5s cubic-bezier(0.25, 0.46, 0.35, 0.94) 0s, color 0.2s ease-out 0s; --qodef-underline-position-y: 100%; --qodef-underline-height: 1px;\" href=\"mailto:info@restaurantsumac.com\">info@restaurantsumac.com<\/a><\/p><div>\u00a0<\/div><\/div><\/div>\t\t\t\t\t\t\t\t<\/div>\n\t\t\t\t<\/div>\n\t\t\t\t<div class=\"elementor-element elementor-element-1866ffe elementor-widget elementor-widget-text-editor\" data-id=\"1866ffe\" data-element_type=\"widget\" data-widget_type=\"text-editor.default\">\n\t\t\t\t<div class=\"elementor-widget-container\">\n\t\t\t\t\t\t\t\t\t<div class=\"elementor-element elementor-element-87085cb elementor-widget elementor-widget-hiroshi_core_section_title\" style=\"flex-basis: var(--flex-basis); flex-grow: var(--flex-grow); flex-shrink: var(--flex-shrink); order: var(--order); align-self: var(--align-self); flex-direction: var(--flex-direction); flex-wrap: var(--flex-wrap); justify-content: var(--justify-content); align-items: var(--align-items); align-content: var(--align-content); gap: var(--gap); --swiper-theme-color: #000; --swiper-navigation-size: 44px; --swiper-pagination-bullet-size: 6px; --swiper-pagination-bullet-horizontal-gap: 6px; --widgets-spacing: 20px; width: 465.367px;\" data-id=\"87085cb\" data-element_type=\"widget\" data-widget_type=\"hiroshi_core_section_title.default\"><div class=\"elementor-widget-container\" style=\"margin-bottom: -10px; transition: background .3s,border .3s,border-radius .3s,box-shadow .3s,transform var(--e-transform-transition-duration,.4s);\"><div class=\"qodef-shortcode qodef-m qodef-section-title qodef-alignment--left \" style=\"width: 465.367px;\"><div class=\"elementor-element elementor-element-5a6e4ce elementor-widget elementor-widget-hiroshi_core_section_title\" data-id=\"5a6e4ce\" data-element_type=\"widget\" data-widget_type=\"hiroshi_core_section_title.default\"><div class=\"elementor-widget-container\"><div class=\"qodef-shortcode qodef-m qodef-section-title qodef-alignment--left \"><h6 class=\"qodef-m-title\">JOURS D&rsquo;OUVERTURE<\/h6><\/div><\/div><\/div><div class=\"elementor-element elementor-element-ddb3c5b elementor-widget elementor-widget-text-editor\" data-id=\"ddb3c5b\" data-element_type=\"widget\" data-widget_type=\"text-editor.default\"><div class=\"elementor-widget-container\"><p><span style=\"font-weight: 400;\">Dimanche et lundi: ferm\u00e9<\/span><\/p><p><span style=\"font-weight: 400;\">Mardi &#8211; Samedi: d\u00e9jeuners et d\u00eeners<\/span><\/p><p>_<\/p><h6 class=\"qodef-m-title\">HORARIS D&rsquo;OUVERTURES<\/h6><p><span style=\"font-weight: 400;\">D\u00e9jeuners: 13 \u00e0 14:30 h.<\/span><\/p><p><span style=\"font-weight: 400;\">D\u00eeners: 20 \u00e0 21:30 h.<\/span><\/p><\/div><\/div><\/div><\/div><\/div>\t\t\t\t\t\t\t\t<\/div>\n\t\t\t\t<\/div>\n\t\t\t\t\t<\/div>\n\t\t<\/div>\n\t\t\t\t\t<\/div>\n\t\t<\/section>\n\t\t\t\t<section class=\"elementor-section elementor-top-section elementor-element elementor-element-51e3a06 elementor-section-boxed elementor-section-height-default elementor-section-height-default qodef-elementor-content-no qodef-elementor-column-no\" data-id=\"51e3a06\" data-element_type=\"section\">\n\t\t\t\t\t\t<div class=\"elementor-container elementor-column-gap-default\">\n\t\t\t\t\t<div class=\"elementor-column elementor-col-100 elementor-top-column elementor-element elementor-element-2013674\" data-id=\"2013674\" data-element_type=\"column\">\n\t\t\t<div class=\"elementor-widget-wrap\">\n\t\t\t\t\t\t\t<\/div>\n\t\t<\/div>\n\t\t\t\t\t<\/div>\n\t\t<\/section>\n\t\t\t\t<\/div>\n\t\t","protected":false},"excerpt":{"rendered":"<p>Ecrivez nous!! Si vous souhaitez organiser un \u00e9v\u00eanement en particulier, contactez nous. Pour vos r\u00e9servations, \u00e9crivez nous, envoyez nous un whatsapp ou appelez nous. Nom et pr\u00e9nom: Tel\u00e9phone: Courriel: Message: En envoyant ce message vous acceptez notre politique de protection de donn\u00e9es. Please prove you are human by selecting the Tree. Envoyer adresse C.del Cap [&hellip;]<\/p>\n","protected":false},"author":1,"featured_media":0,"parent":0,"menu_order":0,"comment_status":"closed","ping_status":"closed","template":"page-full-width.php","meta":{"footnotes":""},"class_list":["post-11538","page","type-page","status-publish","hentry"],"yoast_head":"<!-- This site is optimized with the Yoast SEO plugin v25.9 - https:\/\/yoast.com\/wordpress\/plugins\/seo\/ -->\n<title>Contact - Sumac<\/title>\n<meta name=\"description\" content=\"T&#039;expliquem com arribar al restaurant Sumac de Roses. Estem al carrer Norfeu, 22. Molt aprop del port esportiu.\" \/>\n<meta name=\"robots\" content=\"index, follow, max-snippet:-1, max-image-preview:large, max-video-preview:-1\" \/>\n<link rel=\"canonical\" href=\"https:\/\/restaurantsumac.com\/fr\/contact-sumac-roses\/\" \/>\n<meta property=\"og:locale\" content=\"fr_FR\" \/>\n<meta property=\"og:type\" content=\"article\" \/>\n<meta property=\"og:title\" content=\"Contact - Sumac\" \/>\n<meta property=\"og:description\" content=\"T&#039;expliquem com arribar al restaurant Sumac de Roses. Estem al carrer Norfeu, 22. Molt aprop del port esportiu.\" \/>\n<meta property=\"og:url\" content=\"https:\/\/restaurantsumac.com\/fr\/contact-sumac-roses\/\" \/>\n<meta property=\"og:site_name\" content=\"Sumac\" \/>\n<meta property=\"article:modified_time\" content=\"2023-06-23T04:22:34+00:00\" \/>\n<meta name=\"twitter:card\" content=\"summary_large_image\" \/>\n<meta name=\"twitter:label1\" content=\"Dur\u00e9e de lecture estim\u00e9e\" \/>\n\t<meta name=\"twitter:data1\" content=\"1 minute\" \/>\n<script type=\"application\/ld+json\" class=\"yoast-schema-graph\">{\"@context\":\"https:\/\/schema.org\",\"@graph\":[{\"@type\":\"WebPage\",\"@id\":\"https:\/\/restaurantsumac.com\/fr\/contact-sumac-roses\/\",\"url\":\"https:\/\/restaurantsumac.com\/fr\/contact-sumac-roses\/\",\"name\":\"Contact - Sumac\",\"isPartOf\":{\"@id\":\"https:\/\/restaurantsumac.com\/fr\/#website\"},\"datePublished\":\"2023-05-19T10:16:45+00:00\",\"dateModified\":\"2023-06-23T04:22:34+00:00\",\"description\":\"T'expliquem com arribar al restaurant Sumac de Roses. Estem al carrer Norfeu, 22. Molt aprop del port esportiu.\",\"breadcrumb\":{\"@id\":\"https:\/\/restaurantsumac.com\/fr\/contact-sumac-roses\/#breadcrumb\"},\"inLanguage\":\"fr-FR\",\"potentialAction\":[{\"@type\":\"ReadAction\",\"target\":[\"https:\/\/restaurantsumac.com\/fr\/contact-sumac-roses\/\"]}]},{\"@type\":\"BreadcrumbList\",\"@id\":\"https:\/\/restaurantsumac.com\/fr\/contact-sumac-roses\/#breadcrumb\",\"itemListElement\":[{\"@type\":\"ListItem\",\"position\":1,\"name\":\"Inici\",\"item\":\"https:\/\/restaurantsumac.com\/fr\/\"},{\"@type\":\"ListItem\",\"position\":2,\"name\":\"Contact\"}]},{\"@type\":\"WebSite\",\"@id\":\"https:\/\/restaurantsumac.com\/fr\/#website\",\"url\":\"https:\/\/restaurantsumac.com\/fr\/\",\"name\":\"Sumac\",\"description\":\"Restaurant Roses\",\"publisher\":{\"@id\":\"https:\/\/restaurantsumac.com\/fr\/#organization\"},\"potentialAction\":[{\"@type\":\"SearchAction\",\"target\":{\"@type\":\"EntryPoint\",\"urlTemplate\":\"https:\/\/restaurantsumac.com\/fr\/?s={search_term_string}\"},\"query-input\":{\"@type\":\"PropertyValueSpecification\",\"valueRequired\":true,\"valueName\":\"search_term_string\"}}],\"inLanguage\":\"fr-FR\"},{\"@type\":\"Organization\",\"@id\":\"https:\/\/restaurantsumac.com\/fr\/#organization\",\"name\":\"Restaurant Sumac Roses\",\"url\":\"https:\/\/restaurantsumac.com\/fr\/\",\"logo\":{\"@type\":\"ImageObject\",\"inLanguage\":\"fr-FR\",\"@id\":\"https:\/\/restaurantsumac.com\/fr\/#\/schema\/logo\/image\/\",\"url\":\"https:\/\/restaurantsumac.com\/wp-content\/uploads\/2023\/03\/logo-web.png\",\"contentUrl\":\"https:\/\/restaurantsumac.com\/wp-content\/uploads\/2023\/03\/logo-web.png\",\"width\":250,\"height\":67,\"caption\":\"Restaurant Sumac Roses\"},\"image\":{\"@id\":\"https:\/\/restaurantsumac.com\/fr\/#\/schema\/logo\/image\/\"}}]}<\/script>\n<!-- \/ Yoast SEO plugin. -->","yoast_head_json":{"title":"Contact - Sumac","description":"T'expliquem com arribar al restaurant Sumac de Roses. Estem al carrer Norfeu, 22. Molt aprop del port esportiu.","robots":{"index":"index","follow":"follow","max-snippet":"max-snippet:-1","max-image-preview":"max-image-preview:large","max-video-preview":"max-video-preview:-1"},"canonical":"https:\/\/restaurantsumac.com\/fr\/contact-sumac-roses\/","og_locale":"fr_FR","og_type":"article","og_title":"Contact - Sumac","og_description":"T'expliquem com arribar al restaurant Sumac de Roses. Estem al carrer Norfeu, 22. Molt aprop del port esportiu.","og_url":"https:\/\/restaurantsumac.com\/fr\/contact-sumac-roses\/","og_site_name":"Sumac","article_modified_time":"2023-06-23T04:22:34+00:00","twitter_card":"summary_large_image","twitter_misc":{"Dur\u00e9e de lecture estim\u00e9e":"1 minute"},"schema":{"@context":"https:\/\/schema.org","@graph":[{"@type":"WebPage","@id":"https:\/\/restaurantsumac.com\/fr\/contact-sumac-roses\/","url":"https:\/\/restaurantsumac.com\/fr\/contact-sumac-roses\/","name":"Contact - Sumac","isPartOf":{"@id":"https:\/\/restaurantsumac.com\/fr\/#website"},"datePublished":"2023-05-19T10:16:45+00:00","dateModified":"2023-06-23T04:22:34+00:00","description":"T'expliquem com arribar al restaurant Sumac de Roses. Estem al carrer Norfeu, 22. Molt aprop del port esportiu.","breadcrumb":{"@id":"https:\/\/restaurantsumac.com\/fr\/contact-sumac-roses\/#breadcrumb"},"inLanguage":"fr-FR","potentialAction":[{"@type":"ReadAction","target":["https:\/\/restaurantsumac.com\/fr\/contact-sumac-roses\/"]}]},{"@type":"BreadcrumbList","@id":"https:\/\/restaurantsumac.com\/fr\/contact-sumac-roses\/#breadcrumb","itemListElement":[{"@type":"ListItem","position":1,"name":"Inici","item":"https:\/\/restaurantsumac.com\/fr\/"},{"@type":"ListItem","position":2,"name":"Contact"}]},{"@type":"WebSite","@id":"https:\/\/restaurantsumac.com\/fr\/#website","url":"https:\/\/restaurantsumac.com\/fr\/","name":"Sumac","description":"Restaurant Roses","publisher":{"@id":"https:\/\/restaurantsumac.com\/fr\/#organization"},"potentialAction":[{"@type":"SearchAction","target":{"@type":"EntryPoint","urlTemplate":"https:\/\/restaurantsumac.com\/fr\/?s={search_term_string}"},"query-input":{"@type":"PropertyValueSpecification","valueRequired":true,"valueName":"search_term_string"}}],"inLanguage":"fr-FR"},{"@type":"Organization","@id":"https:\/\/restaurantsumac.com\/fr\/#organization","name":"Restaurant Sumac Roses","url":"https:\/\/restaurantsumac.com\/fr\/","logo":{"@type":"ImageObject","inLanguage":"fr-FR","@id":"https:\/\/restaurantsumac.com\/fr\/#\/schema\/logo\/image\/","url":"https:\/\/restaurantsumac.com\/wp-content\/uploads\/2023\/03\/logo-web.png","contentUrl":"https:\/\/restaurantsumac.com\/wp-content\/uploads\/2023\/03\/logo-web.png","width":250,"height":67,"caption":"Restaurant Sumac Roses"},"image":{"@id":"https:\/\/restaurantsumac.com\/fr\/#\/schema\/logo\/image\/"}}]}},"_links":{"self":[{"href":"https:\/\/restaurantsumac.com\/fr\/wp-json\/wp\/v2\/pages\/11538","targetHints":{"allow":["GET"]}}],"collection":[{"href":"https:\/\/restaurantsumac.com\/fr\/wp-json\/wp\/v2\/pages"}],"about":[{"href":"https:\/\/restaurantsumac.com\/fr\/wp-json\/wp\/v2\/types\/page"}],"author":[{"embeddable":true,"href":"https:\/\/restaurantsumac.com\/fr\/wp-json\/wp\/v2\/users\/1"}],"replies":[{"embeddable":true,"href":"https:\/\/restaurantsumac.com\/fr\/wp-json\/wp\/v2\/comments?post=11538"}],"version-history":[{"count":21,"href":"https:\/\/restaurantsumac.com\/fr\/wp-json\/wp\/v2\/pages\/11538\/revisions"}],"predecessor-version":[{"id":12473,"href":"https:\/\/restaurantsumac.com\/fr\/wp-json\/wp\/v2\/pages\/11538\/revisions\/12473"}],"wp:attachment":[{"href":"https:\/\/restaurantsumac.com\/fr\/wp-json\/wp\/v2\/media?parent=11538"}],"curies":[{"name":"wp","href":"https:\/\/api.w.org\/{rel}","templated":true}]}}