{"id":11543,"date":"2023-04-28T08:39:16","date_gmt":"2023-04-28T06:39:16","guid":{"rendered":"https:\/\/restaurantsumac.com\/experiencia-gastronomica-roses\/"},"modified":"2025-06-16T10:38:48","modified_gmt":"2025-06-16T08:38:48","slug":"experiencia-gastronomica-roses","status":"publish","type":"page","link":"https:\/\/restaurantsumac.com\/fr\/experiencia-gastronomica-roses\/","title":{"rendered":"Ch\u00e8que-cadeau"},"content":{"rendered":"\t\t<div data-elementor-type=\"wp-page\" data-elementor-id=\"11543\" class=\"elementor elementor-11543 elementor-10379\">\n\t\t\t\t\t\t<section data-dynamic-background-color=\"#A9B1AB\" class=\"elementor-section elementor-top-section elementor-element elementor-element-fbc184f elementor-section-full_width elementor-section-height-default elementor-section-height-default qodef-elementor-content-no qodef-elementor-column-no\" data-id=\"fbc184f\" data-element_type=\"section\" data-settings=\"{&quot;background_background&quot;:&quot;classic&quot;}\">\n\t\t\t\t\t\t\t<div class=\"elementor-background-overlay\"><\/div>\n\t\t\t\t\t\t\t<div class=\"elementor-container elementor-column-gap-default\">\n\t\t\t\t\t<div class=\"elementor-column elementor-col-100 elementor-top-column elementor-element elementor-element-369bdee\" data-id=\"369bdee\" data-element_type=\"column\" data-settings=\"{&quot;background_background&quot;:&quot;classic&quot;}\">\n\t\t\t<div class=\"elementor-widget-wrap elementor-element-populated\">\n\t\t\t\t\t\t<div class=\"elementor-element elementor-element-baaee77 elementor-widget elementor-widget-heading\" data-id=\"baaee77\" data-element_type=\"widget\" data-widget_type=\"heading.default\">\n\t\t\t\t<div class=\"elementor-widget-container\">\n\t\t\t\t\t<h1 class=\"elementor-heading-title elementor-size-default\">Une exp\u00e9rience gastronomique au coeur de Roses<\/h1>\t\t\t\t<\/div>\n\t\t\t\t<\/div>\n\t\t\t\t<div class=\"elementor-element elementor-element-7569970 elementor-widget elementor-widget-heading\" data-id=\"7569970\" data-element_type=\"widget\" data-widget_type=\"heading.default\">\n\t\t\t\t<div class=\"elementor-widget-container\">\n\t\t\t\t\t<h1 class=\"elementor-heading-title elementor-size-default\">carte-cadeau Sumac<\/h1>\t\t\t\t<\/div>\n\t\t\t\t<\/div>\n\t\t\t\t\t<\/div>\n\t\t<\/div>\n\t\t\t\t\t<\/div>\n\t\t<\/section>\n\t\t\t\t<section data-dynamic-background-color=\"#D9D0D0\" class=\"elementor-section elementor-top-section elementor-element elementor-element-2a25334 elementor-section-full_width elementor-section-height-min-height elementor-section-content-top elementor-section-items-top elementor-section-height-default qodef-elementor-content-no qodef-elementor-column-no\" data-id=\"2a25334\" data-element_type=\"section\" data-settings=\"{&quot;background_background&quot;:&quot;classic&quot;}\">\n\t\t\t\t\t\t<div class=\"elementor-container elementor-column-gap-custom\">\n\t\t\t\t\t<div class=\"elementor-column elementor-col-50 elementor-top-column elementor-element elementor-element-36a71c1\" data-id=\"36a71c1\" data-element_type=\"column\" data-settings=\"{&quot;background_background&quot;:&quot;classic&quot;}\">\n\t\t\t<div class=\"elementor-widget-wrap elementor-element-populated\">\n\t\t\t\t\t\t<div class=\"elementor-element elementor-element-28065a7 elementor-invisible elementor-widget elementor-widget-heading\" data-id=\"28065a7\" data-element_type=\"widget\" data-settings=\"{&quot;_animation&quot;:&quot;zoomIn&quot;}\" data-widget_type=\"heading.default\">\n\t\t\t\t<div class=\"elementor-widget-container\">\n\t\t\t\t\t<h3 class=\"elementor-heading-title elementor-size-default\">Art, tradition et culture vous \u00eates au Restaurant SUMAC.<\/h3>\t\t\t\t<\/div>\n\t\t\t\t<\/div>\n\t\t\t\t\t<\/div>\n\t\t<\/div>\n\t\t\t\t<div class=\"elementor-column elementor-col-50 elementor-top-column elementor-element elementor-element-dcfb1a0\" data-id=\"dcfb1a0\" data-element_type=\"column\" data-settings=\"{&quot;background_background&quot;:&quot;classic&quot;}\">\n\t\t\t<div class=\"elementor-widget-wrap elementor-element-populated\">\n\t\t\t\t\t\t<div class=\"elementor-element elementor-element-5ca566e elementor-widget elementor-widget-text-editor\" data-id=\"5ca566e\" data-element_type=\"widget\" data-widget_type=\"text-editor.default\">\n\t\t\t\t<div class=\"elementor-widget-container\">\n\t\t\t\t\t\t\t\t\t<p><span style=\"font-weight: 400;\">C\u00e9l\u00e9brez, f\u00eatez et offrez des moments de plaisir uniques avec nous au restaurant Sumac.<\/span><\/p><p><span style=\"font-weight: 400;\">Surprenez vous avec un voyage gastronomique que ce soit un d\u00e9jeuner ou un diner depuis le menu d\u2019auteur jusqu\u2019au au menu de votre choix \u00e9labor\u00e9 avec le chef.<\/span><\/p><p><span style=\"font-weight: 400;\">Pour plus d\u2019information ou pour une r\u00e9servation veuillez nous contacter en t\u00e9l\u00e9phonant au +34 972 154 802 ou par Whatsapp au +34 673 108 539 ou en passant au restaurant.<\/span><\/p><p><span style=\"font-weight: 400;\">N\u2019h\u00e9sitez \u00e0 faire d\u00b4un prochain \u00e9v\u00eanement une exp\u00e9rience inoubliable.<\/span><\/p>\t\t\t\t\t\t\t\t<\/div>\n\t\t\t\t<\/div>\n\t\t\t\t<div class=\"elementor-element elementor-element-a81c246 elementor-widget elementor-widget-text-editor\" data-id=\"a81c246\" data-element_type=\"widget\" data-widget_type=\"text-editor.default\">\n\t\t\t\t<div class=\"elementor-widget-container\">\n\t\t\t\t\t\t\t\t\t<p><b style=\"font-size: 1.4em;\">EXP\u00c9RIENCES GASTRONOMIQUES \u00c0 OFFRIR<\/b><\/p>\t\t\t\t\t\t\t\t<\/div>\n\t\t\t\t<\/div>\n\t\t\t\t<div class=\"elementor-element elementor-element-151c55c elementor-widget elementor-widget-qi_addons_for_elementor_accordion\" data-id=\"151c55c\" data-element_type=\"widget\" data-widget_type=\"qi_addons_for_elementor_accordion.default\">\n\t\t\t\t<div class=\"elementor-widget-container\">\n\t\t\t\t\t<div class=\"qodef-shortcode qodef-m qodef-qi-accordion qodef-qi-clear qodef-behavior--toggle qodef-layout--simple qodef-style--border-between\">\n\t<h5 class=\"qodef-e-title-holder\">\n\t<span class=\"qodef-e-title\">Menu D\u00e9gustation | 100 \u20ac<\/span>\n\t<span class=\"qodef-e-mark\">\n\t\t<span class=\"qodef-icon--plus\">\n\t\t\t\t<span class=\"qodef-e-icon\">\n\t\t<i aria-hidden=\"true\" class=\"fas fa-plus\"><\/i>\t<\/span>\n\t\t\t<\/span>\n\t\t<span class=\"qodef-icon--minus\">\n\t\t\t\t<span class=\"qodef-e-icon\">\n\t\t<i aria-hidden=\"true\" class=\"fas fa-minus\"><\/i>\t<\/span>\n\t\t\t<\/span>\n\t<\/span>\n<\/h5>\n<div class=\"qodef-e-content\">\n\t<div class=\"qodef-e-content-inner\">\n\t\t<p class=\"p1\"><b>Comprend<\/b><b><\/b><\/p><p class=\"p1\">Coupe de cava Sumac et les ap\u00e9ritifs.<\/p><p class=\"p1\">6 services (deux entr\u00e9es, poisson, viande, pr\u00e9 dessert et dessert).<\/p><p class=\"p1\">Vins, eau et caf\u00e9.<\/p><p class=\"p1\"><b>Note<\/b><b><\/b><\/p><p class=\"p1\">Digestifs et liqueurs non compris.<\/p><p class=\"p1\">Menu \u00e9labor\u00e9 avec des produits de saison.<\/p><p class=\"p1\">Menu table enti\u00e8re.<\/p>\t<\/div>\n<\/div>\n<h5 class=\"qodef-e-title-holder\">\n\t<span class=\"qodef-e-title\">Menu Dalmau | 75 \u20ac<\/span>\n\t<span class=\"qodef-e-mark\">\n\t\t<span class=\"qodef-icon--plus\">\n\t\t\t\t<span class=\"qodef-e-icon\">\n\t\t<i aria-hidden=\"true\" class=\"fas fa-plus\"><\/i>\t<\/span>\n\t\t\t<\/span>\n\t\t<span class=\"qodef-icon--minus\">\n\t\t\t\t<span class=\"qodef-e-icon\">\n\t\t<i aria-hidden=\"true\" class=\"fas fa-minus\"><\/i>\t<\/span>\n\t\t\t<\/span>\n\t<\/span>\n<\/h5>\n<div class=\"qodef-e-content\">\n\t<div class=\"qodef-e-content-inner\">\n\t\t<p class=\"p1\"><b>Comprend<\/b><b><\/b><\/p><p class=\"p1\">Assortiment de mises en bouche.<\/p><p class=\"p1\">Entr\u00e9e.<\/p><p class=\"p1\">Poisson.<\/p><p class=\"p1\">Viande.<\/p><p class=\"p1\">Dessert.<\/p><p class=\"p1\">Vin de S\u00e9lection sp\u00e9ciale Sumac.<\/p><p class=\"p1\">L\u2019eau et Caf\u00e9.<\/p><p class=\"p1\"><b>Note<\/b><b><\/b><\/p><p class=\"p1\">Digestifs et liqueurs non compris.<\/p><p class=\"p1\">Menu \u00e9labor\u00e9 avec des produits de saison.<\/p><p class=\"p1\">Menu table enti\u00e8re.<\/p>\t<\/div>\n<\/div>\n<\/div>\n\t\t\t\t<\/div>\n\t\t\t\t<\/div>\n\t\t\t\t<div class=\"elementor-element elementor-element-f54a51f animated-slow elementor-invisible elementor-widget elementor-widget-image\" data-id=\"f54a51f\" data-element_type=\"widget\" data-settings=\"{&quot;_animation&quot;:&quot;fadeInRight&quot;}\" data-widget_type=\"image.default\">\n\t\t\t\t<div class=\"elementor-widget-container\">\n\t\t\t\t\t\t\t\t\t\t\t\t\t\t\t<img fetchpriority=\"high\" decoding=\"async\" width=\"1024\" height=\"683\" src=\"https:\/\/restaurantsumac.com\/wp-content\/uploads\/2023\/05\/REGAL-1024x683.webp\" class=\"attachment-large size-large wp-image-11177\" alt=\"experiencia gastronomica roses\" srcset=\"https:\/\/restaurantsumac.com\/wp-content\/uploads\/2023\/05\/REGAL-1024x683.webp 1024w, https:\/\/restaurantsumac.com\/wp-content\/uploads\/2023\/05\/REGAL-300x200.webp 300w, https:\/\/restaurantsumac.com\/wp-content\/uploads\/2023\/05\/REGAL-768x512.webp 768w, https:\/\/restaurantsumac.com\/wp-content\/uploads\/2023\/05\/REGAL-1536x1024.webp 1536w, https:\/\/restaurantsumac.com\/wp-content\/uploads\/2023\/05\/REGAL.webp 1824w\" sizes=\"(max-width: 1024px) 100vw, 1024px\" \/>\t\t\t\t\t\t\t\t\t\t\t\t\t\t\t<\/div>\n\t\t\t\t<\/div>\n\t\t\t\t<div class=\"elementor-element elementor-element-c6424ca elementor-widget elementor-widget-text-editor\" data-id=\"c6424ca\" data-element_type=\"widget\" data-widget_type=\"text-editor.default\">\n\t\t\t\t<div class=\"elementor-widget-container\">\n\t\t\t\t\t\t\t\t\t<p><b style=\"font-size: 1.4em;\">ESCRIVEZ NOUS!!!<\/b><\/p>\t\t\t\t\t\t\t\t<\/div>\n\t\t\t\t<\/div>\n\t\t\t\t<div class=\"elementor-element elementor-element-4390ebd elementor-invisible elementor-widget elementor-widget-qi_addons_for_elementor_contact_form_7\" data-id=\"4390ebd\" data-element_type=\"widget\" data-settings=\"{&quot;_animation&quot;:&quot;zoomIn&quot;,&quot;_animation_delay&quot;:1000}\" data-widget_type=\"qi_addons_for_elementor_contact_form_7.default\">\n\t\t\t\t<div class=\"elementor-widget-container\">\n\t\t\t\t\t<div class=\"qodef-shortcode qodef-m qodef-qi-contact-form-7\">\n\t\n<div class=\"wpcf7 no-js\" id=\"wpcf7-f11573-o1\" lang=\"fr-FR\" dir=\"ltr\" data-wpcf7-id=\"11573\">\n<div class=\"screen-reader-response\"><p role=\"status\" aria-live=\"polite\" aria-atomic=\"true\"><\/p> <ul><\/ul><\/div>\n<form action=\"\/fr\/wp-json\/wp\/v2\/pages\/11543#wpcf7-f11573-o1\" method=\"post\" class=\"wpcf7-form init\" aria-label=\"Formulaire de contact\" novalidate=\"novalidate\" data-status=\"init\">\n<fieldset class=\"hidden-fields-container\"><input type=\"hidden\" name=\"_wpcf7\" value=\"11573\" \/><input type=\"hidden\" name=\"_wpcf7_version\" value=\"6.1.1\" \/><input type=\"hidden\" name=\"_wpcf7_locale\" value=\"fr_FR\" \/><input type=\"hidden\" name=\"_wpcf7_unit_tag\" value=\"wpcf7-f11573-o1\" \/><input type=\"hidden\" name=\"_wpcf7_container_post\" value=\"0\" \/><input type=\"hidden\" name=\"_wpcf7_posted_data_hash\" value=\"\" \/><input type=\"hidden\" name=\"_wpcf7_recaptcha_response\" value=\"\" \/>\n<\/fieldset>\n<label> Nom et pr\u00e9nom:\n    <span class=\"wpcf7-form-control-wrap\" data-name=\"your-name\"><input size=\"40\" maxlength=\"400\" class=\"wpcf7-form-control wpcf7-text wpcf7-validates-as-required\" aria-required=\"true\" aria-invalid=\"false\" value=\"\" type=\"text\" name=\"your-name\" \/><\/span> <\/label>\n\n<label> Tel\u00e9phone:\n    <span class=\"wpcf7-form-control-wrap\" data-name=\"tel-90\"><input size=\"40\" maxlength=\"400\" class=\"wpcf7-form-control wpcf7-tel wpcf7-validates-as-required wpcf7-text wpcf7-validates-as-tel\" aria-required=\"true\" aria-invalid=\"false\" value=\"\" type=\"tel\" name=\"tel-90\" \/><\/span> <\/label>\n\n<label> Courriel:\n    <span class=\"wpcf7-form-control-wrap\" data-name=\"your-email\"><input size=\"40\" maxlength=\"400\" class=\"wpcf7-form-control wpcf7-email wpcf7-validates-as-required wpcf7-text wpcf7-validates-as-email\" aria-required=\"true\" aria-invalid=\"false\" value=\"\" type=\"email\" name=\"your-email\" \/><\/span> <\/label>\n\n\n<label>Message:\n    <span class=\"wpcf7-form-control-wrap\" data-name=\"your-message\"><textarea cols=\"40\" rows=\"10\" maxlength=\"2000\" class=\"wpcf7-form-control wpcf7-textarea wpcf7-validates-as-required\" aria-required=\"true\" aria-invalid=\"false\" name=\"your-message\"><\/textarea><\/span> <\/label>\n\n<br>\n<label> \n<span class=\"wpcf7-form-control-wrap\" data-name=\"acceptance-357\"><span class=\"wpcf7-form-control wpcf7-acceptance optional\"><span class=\"wpcf7-list-item\"><label><input type=\"checkbox\" name=\"acceptance-357\" value=\"1\" aria-invalid=\"false\" \/><span class=\"wpcf7-list-item-label\">En envoyant ce message vous acceptez notre politique de protection de donn\u00e9es.<\/span><\/label><\/span><\/span><\/span>\n<br>\n\n<label> \n[cf7ic]\n<\/label>\n<br>\n\n<button class=\"wpcf7-form-control wpcf7-submit qodef-button qodef-size--normal qodef-layout--filled qodef-m\" type=\"submit\"><span class=\"qodef-m-text\">Envoyer<\/span><\/button><input type='hidden' class='wpcf7-pum' value='{\"closepopup\":false,\"closedelay\":0,\"openpopup\":false,\"openpopup_id\":0}' \/><div class=\"wpcf7-response-output\" aria-hidden=\"true\"><\/div>\n<\/form>\n<\/div>\n<\/div>\n\t\t\t\t<\/div>\n\t\t\t\t<\/div>\n\t\t\t\t\t<\/div>\n\t\t<\/div>\n\t\t\t\t\t<\/div>\n\t\t<\/section>\n\t\t\t\t<\/div>\n\t\t","protected":false},"excerpt":{"rendered":"<p>Une exp\u00e9rience gastronomique au coeur de Roses carte-cadeau Sumac Art, tradition et culture vous \u00eates au Restaurant SUMAC. C\u00e9l\u00e9brez, f\u00eatez et offrez des moments de plaisir uniques avec nous au restaurant Sumac. Surprenez vous avec un voyage gastronomique que ce soit un d\u00e9jeuner ou un diner depuis le menu d\u2019auteur jusqu\u2019au au menu de votre [&hellip;]<\/p>\n","protected":false},"author":1,"featured_media":11150,"parent":0,"menu_order":0,"comment_status":"closed","ping_status":"closed","template":"page-full-width.php","meta":{"footnotes":""},"class_list":["post-11543","page","type-page","status-publish","has-post-thumbnail","hentry"],"yoast_head":"<!-- This site is optimized with the Yoast SEO plugin v25.9 - https:\/\/yoast.com\/wordpress\/plugins\/seo\/ -->\n<title>Ch\u00e8que-cadeau - Sumac<\/title>\n<meta name=\"description\" content=\"Descobreix una experi\u00e8ncia gastron\u00f2mica \u00fanica a Roses al Restaurant Sumac. Reserva ara i experimenta la combinaci\u00f3 del gust i l&#039;eleg\u00e0ncia.\" \/>\n<meta name=\"robots\" content=\"index, follow, max-snippet:-1, max-image-preview:large, max-video-preview:-1\" \/>\n<link rel=\"canonical\" href=\"https:\/\/restaurantsumac.com\/fr\/experiencia-gastronomica-roses\/\" \/>\n<meta property=\"og:locale\" content=\"fr_FR\" \/>\n<meta property=\"og:type\" content=\"article\" \/>\n<meta property=\"og:title\" content=\"Ch\u00e8que-cadeau - Sumac\" \/>\n<meta property=\"og:description\" content=\"Descobreix una experi\u00e8ncia gastron\u00f2mica \u00fanica a Roses al Restaurant Sumac. Reserva ara i experimenta la combinaci\u00f3 del gust i l&#039;eleg\u00e0ncia.\" \/>\n<meta property=\"og:url\" content=\"https:\/\/restaurantsumac.com\/fr\/experiencia-gastronomica-roses\/\" \/>\n<meta property=\"og:site_name\" content=\"Sumac\" \/>\n<meta property=\"article:modified_time\" content=\"2025-06-16T08:38:48+00:00\" \/>\n<meta property=\"og:image\" content=\"https:\/\/restaurantsumac.com\/wp-content\/uploads\/2023\/04\/banner-equip.jpg\" \/>\n\t<meta property=\"og:image:width\" content=\"1824\" \/>\n\t<meta property=\"og:image:height\" content=\"1216\" \/>\n\t<meta property=\"og:image:type\" content=\"image\/jpeg\" \/>\n<meta name=\"twitter:card\" content=\"summary_large_image\" \/>\n<meta name=\"twitter:label1\" content=\"Dur\u00e9e de lecture estim\u00e9e\" \/>\n\t<meta name=\"twitter:data1\" content=\"2 minutes\" \/>\n<script type=\"application\/ld+json\" class=\"yoast-schema-graph\">{\"@context\":\"https:\/\/schema.org\",\"@graph\":[{\"@type\":\"WebPage\",\"@id\":\"https:\/\/restaurantsumac.com\/fr\/experiencia-gastronomica-roses\/\",\"url\":\"https:\/\/restaurantsumac.com\/fr\/experiencia-gastronomica-roses\/\",\"name\":\"Ch\u00e8que-cadeau - Sumac\",\"isPartOf\":{\"@id\":\"https:\/\/restaurantsumac.com\/fr\/#website\"},\"primaryImageOfPage\":{\"@id\":\"https:\/\/restaurantsumac.com\/fr\/experiencia-gastronomica-roses\/#primaryimage\"},\"image\":{\"@id\":\"https:\/\/restaurantsumac.com\/fr\/experiencia-gastronomica-roses\/#primaryimage\"},\"thumbnailUrl\":\"https:\/\/restaurantsumac.com\/wp-content\/uploads\/2023\/04\/banner-equip.jpg\",\"datePublished\":\"2023-04-28T06:39:16+00:00\",\"dateModified\":\"2025-06-16T08:38:48+00:00\",\"description\":\"Descobreix una experi\u00e8ncia gastron\u00f2mica \u00fanica a Roses al Restaurant Sumac. Reserva ara i experimenta la combinaci\u00f3 del gust i l'eleg\u00e0ncia.\",\"breadcrumb\":{\"@id\":\"https:\/\/restaurantsumac.com\/fr\/experiencia-gastronomica-roses\/#breadcrumb\"},\"inLanguage\":\"fr-FR\",\"potentialAction\":[{\"@type\":\"ReadAction\",\"target\":[\"https:\/\/restaurantsumac.com\/fr\/experiencia-gastronomica-roses\/\"]}]},{\"@type\":\"ImageObject\",\"inLanguage\":\"fr-FR\",\"@id\":\"https:\/\/restaurantsumac.com\/fr\/experiencia-gastronomica-roses\/#primaryimage\",\"url\":\"https:\/\/restaurantsumac.com\/wp-content\/uploads\/2023\/04\/banner-equip.jpg\",\"contentUrl\":\"https:\/\/restaurantsumac.com\/wp-content\/uploads\/2023\/04\/banner-equip.jpg\",\"width\":1824,\"height\":1216,\"caption\":\"Jordi Dalmau - restaurant sumac Roses\"},{\"@type\":\"BreadcrumbList\",\"@id\":\"https:\/\/restaurantsumac.com\/fr\/experiencia-gastronomica-roses\/#breadcrumb\",\"itemListElement\":[{\"@type\":\"ListItem\",\"position\":1,\"name\":\"Inici\",\"item\":\"https:\/\/restaurantsumac.com\/fr\/\"},{\"@type\":\"ListItem\",\"position\":2,\"name\":\"Ch\u00e8que-cadeau\"}]},{\"@type\":\"WebSite\",\"@id\":\"https:\/\/restaurantsumac.com\/fr\/#website\",\"url\":\"https:\/\/restaurantsumac.com\/fr\/\",\"name\":\"Sumac\",\"description\":\"Restaurant Roses\",\"publisher\":{\"@id\":\"https:\/\/restaurantsumac.com\/fr\/#organization\"},\"potentialAction\":[{\"@type\":\"SearchAction\",\"target\":{\"@type\":\"EntryPoint\",\"urlTemplate\":\"https:\/\/restaurantsumac.com\/fr\/?s={search_term_string}\"},\"query-input\":{\"@type\":\"PropertyValueSpecification\",\"valueRequired\":true,\"valueName\":\"search_term_string\"}}],\"inLanguage\":\"fr-FR\"},{\"@type\":\"Organization\",\"@id\":\"https:\/\/restaurantsumac.com\/fr\/#organization\",\"name\":\"Restaurant Sumac Roses\",\"url\":\"https:\/\/restaurantsumac.com\/fr\/\",\"logo\":{\"@type\":\"ImageObject\",\"inLanguage\":\"fr-FR\",\"@id\":\"https:\/\/restaurantsumac.com\/fr\/#\/schema\/logo\/image\/\",\"url\":\"https:\/\/restaurantsumac.com\/wp-content\/uploads\/2023\/03\/logo-web.png\",\"contentUrl\":\"https:\/\/restaurantsumac.com\/wp-content\/uploads\/2023\/03\/logo-web.png\",\"width\":250,\"height\":67,\"caption\":\"Restaurant Sumac Roses\"},\"image\":{\"@id\":\"https:\/\/restaurantsumac.com\/fr\/#\/schema\/logo\/image\/\"}}]}<\/script>\n<!-- \/ Yoast SEO plugin. -->","yoast_head_json":{"title":"Ch\u00e8que-cadeau - Sumac","description":"Descobreix una experi\u00e8ncia gastron\u00f2mica \u00fanica a Roses al Restaurant Sumac. Reserva ara i experimenta la combinaci\u00f3 del gust i l'eleg\u00e0ncia.","robots":{"index":"index","follow":"follow","max-snippet":"max-snippet:-1","max-image-preview":"max-image-preview:large","max-video-preview":"max-video-preview:-1"},"canonical":"https:\/\/restaurantsumac.com\/fr\/experiencia-gastronomica-roses\/","og_locale":"fr_FR","og_type":"article","og_title":"Ch\u00e8que-cadeau - Sumac","og_description":"Descobreix una experi\u00e8ncia gastron\u00f2mica \u00fanica a Roses al Restaurant Sumac. Reserva ara i experimenta la combinaci\u00f3 del gust i l'eleg\u00e0ncia.","og_url":"https:\/\/restaurantsumac.com\/fr\/experiencia-gastronomica-roses\/","og_site_name":"Sumac","article_modified_time":"2025-06-16T08:38:48+00:00","og_image":[{"width":1824,"height":1216,"url":"https:\/\/restaurantsumac.com\/wp-content\/uploads\/2023\/04\/banner-equip.jpg","type":"image\/jpeg"}],"twitter_card":"summary_large_image","twitter_misc":{"Dur\u00e9e de lecture estim\u00e9e":"2 minutes"},"schema":{"@context":"https:\/\/schema.org","@graph":[{"@type":"WebPage","@id":"https:\/\/restaurantsumac.com\/fr\/experiencia-gastronomica-roses\/","url":"https:\/\/restaurantsumac.com\/fr\/experiencia-gastronomica-roses\/","name":"Ch\u00e8que-cadeau - Sumac","isPartOf":{"@id":"https:\/\/restaurantsumac.com\/fr\/#website"},"primaryImageOfPage":{"@id":"https:\/\/restaurantsumac.com\/fr\/experiencia-gastronomica-roses\/#primaryimage"},"image":{"@id":"https:\/\/restaurantsumac.com\/fr\/experiencia-gastronomica-roses\/#primaryimage"},"thumbnailUrl":"https:\/\/restaurantsumac.com\/wp-content\/uploads\/2023\/04\/banner-equip.jpg","datePublished":"2023-04-28T06:39:16+00:00","dateModified":"2025-06-16T08:38:48+00:00","description":"Descobreix una experi\u00e8ncia gastron\u00f2mica \u00fanica a Roses al Restaurant Sumac. Reserva ara i experimenta la combinaci\u00f3 del gust i l'eleg\u00e0ncia.","breadcrumb":{"@id":"https:\/\/restaurantsumac.com\/fr\/experiencia-gastronomica-roses\/#breadcrumb"},"inLanguage":"fr-FR","potentialAction":[{"@type":"ReadAction","target":["https:\/\/restaurantsumac.com\/fr\/experiencia-gastronomica-roses\/"]}]},{"@type":"ImageObject","inLanguage":"fr-FR","@id":"https:\/\/restaurantsumac.com\/fr\/experiencia-gastronomica-roses\/#primaryimage","url":"https:\/\/restaurantsumac.com\/wp-content\/uploads\/2023\/04\/banner-equip.jpg","contentUrl":"https:\/\/restaurantsumac.com\/wp-content\/uploads\/2023\/04\/banner-equip.jpg","width":1824,"height":1216,"caption":"Jordi Dalmau - restaurant sumac Roses"},{"@type":"BreadcrumbList","@id":"https:\/\/restaurantsumac.com\/fr\/experiencia-gastronomica-roses\/#breadcrumb","itemListElement":[{"@type":"ListItem","position":1,"name":"Inici","item":"https:\/\/restaurantsumac.com\/fr\/"},{"@type":"ListItem","position":2,"name":"Ch\u00e8que-cadeau"}]},{"@type":"WebSite","@id":"https:\/\/restaurantsumac.com\/fr\/#website","url":"https:\/\/restaurantsumac.com\/fr\/","name":"Sumac","description":"Restaurant Roses","publisher":{"@id":"https:\/\/restaurantsumac.com\/fr\/#organization"},"potentialAction":[{"@type":"SearchAction","target":{"@type":"EntryPoint","urlTemplate":"https:\/\/restaurantsumac.com\/fr\/?s={search_term_string}"},"query-input":{"@type":"PropertyValueSpecification","valueRequired":true,"valueName":"search_term_string"}}],"inLanguage":"fr-FR"},{"@type":"Organization","@id":"https:\/\/restaurantsumac.com\/fr\/#organization","name":"Restaurant Sumac Roses","url":"https:\/\/restaurantsumac.com\/fr\/","logo":{"@type":"ImageObject","inLanguage":"fr-FR","@id":"https:\/\/restaurantsumac.com\/fr\/#\/schema\/logo\/image\/","url":"https:\/\/restaurantsumac.com\/wp-content\/uploads\/2023\/03\/logo-web.png","contentUrl":"https:\/\/restaurantsumac.com\/wp-content\/uploads\/2023\/03\/logo-web.png","width":250,"height":67,"caption":"Restaurant Sumac Roses"},"image":{"@id":"https:\/\/restaurantsumac.com\/fr\/#\/schema\/logo\/image\/"}}]}},"_links":{"self":[{"href":"https:\/\/restaurantsumac.com\/fr\/wp-json\/wp\/v2\/pages\/11543","targetHints":{"allow":["GET"]}}],"collection":[{"href":"https:\/\/restaurantsumac.com\/fr\/wp-json\/wp\/v2\/pages"}],"about":[{"href":"https:\/\/restaurantsumac.com\/fr\/wp-json\/wp\/v2\/types\/page"}],"author":[{"embeddable":true,"href":"https:\/\/restaurantsumac.com\/fr\/wp-json\/wp\/v2\/users\/1"}],"replies":[{"embeddable":true,"href":"https:\/\/restaurantsumac.com\/fr\/wp-json\/wp\/v2\/comments?post=11543"}],"version-history":[{"count":38,"href":"https:\/\/restaurantsumac.com\/fr\/wp-json\/wp\/v2\/pages\/11543\/revisions"}],"predecessor-version":[{"id":19553,"href":"https:\/\/restaurantsumac.com\/fr\/wp-json\/wp\/v2\/pages\/11543\/revisions\/19553"}],"wp:featuredmedia":[{"embeddable":true,"href":"https:\/\/restaurantsumac.com\/fr\/wp-json\/wp\/v2\/media\/11150"}],"wp:attachment":[{"href":"https:\/\/restaurantsumac.com\/fr\/wp-json\/wp\/v2\/media?parent=11543"}],"curies":[{"name":"wp","href":"https:\/\/api.w.org\/{rel}","templated":true}]}}